{"id":6577,"date":"2014-03-06T15:06:10","date_gmt":"2014-03-06T14:06:10","guid":{"rendered":"https:\/\/www.etzelclinic.ch\/?page_id=6577"},"modified":"2024-01-19T17:48:22","modified_gmt":"2024-01-19T16:48:22","slug":"startseite","status":"publish","type":"page","link":"https:\/\/www.etzelclinic.ch\/fr\/","title":{"rendered":"Bienvenue \u00e0 l\u2019etzelclinic"},"content":{"rendered":"<div data-sal=\"slide-up\" data-sal-easing=\"ease-in-out\" data-sal-delay=\"200\">\n<p>Sp\u00e9cialistes de chirurgie articulaire de tous les domaines de l\u2019appareil locomoteur, nous vous souhaitons la bienvenue.<br>Nous vous offrons les plus hautes comp\u00e9tences et exp\u00e9riences chirurgicales et aussi m\u00e9dicales conservatrices dans une atmosph\u00e8re moderne et personnelle.<br>Nos m\u00e9decins sont des sp\u00e9cialistes des articulations comme les \u00e9paules, les genoux, les hanches, les pieds respectivement l\u2019articulation du pied et les mains. Nous sommes sp\u00e9cialis\u00e9s dans la \u00abchirurgie arthroscopique mini-invasive\u00bb, o\u00f9 la restauration la plus rapide de la fonction articulaire illimit\u00e9e et l\u2019absence totale de douleur apr\u00e8s l\u2019intervention sont au premier plan.<br>C\u2019est notre objectif de restaurer votre mobilit\u00e9 physique avec nos connaissances et notre savoir-faire et d\u2019apporter ainsi une contribution significative \u00e0 votre qualit\u00e9 de vie.<br>Nous nous r\u00e9jouissons de vous rendre service.<\/p>\n<\/div>\n\n<div data-sal=\"slide-up\" data-sal-easing=\"ease-in-out\" data-sal-delay=\"200\">\n<p>Votre \u00e9quipe de l\u2019etzelclinic.<\/p>\n<\/div>","protected":false},"excerpt":{"rendered":"<p>Sp\u00e9cialistes de chirurgie articulaire de tous les domaines de l\u2019appareil locomoteur, nous vous souhaitons la bienvenue.Nous vous offrons les plus hautes comp\u00e9tences et exp\u00e9riences chirurgicales et aussi m\u00e9dicales conservatrices dans une atmosph\u00e8re moderne et personnelle.Nos m\u00e9decins sont des sp\u00e9cialistes des articulations comme les \u00e9paules, les genoux, les hanches, les pieds respectivement l\u2019articulation du pied et [&hellip;]<\/p>\n","protected":false},"author":2,"featured_media":0,"parent":0,"menu_order":4,"comment_status":"closed","ping_status":"closed","template":"page-st.php","meta":{"_acf_changed":false,"footnotes":""},"class_list":["post-6577","page","type-page","status-publish","hentry"],"acf":[],"yoast_head":"<!-- This site is optimized with the Yoast SEO plugin v27.3 - https:\/\/yoast.com\/product\/yoast-seo-wordpress\/ -->\n<title>Bienvenue \u00e0 l\u2019etzelclinic - etzelclinic<\/title>\n<meta name=\"robots\" content=\"index, follow, max-snippet:-1, max-image-preview:large, max-video-preview:-1\" \/>\n<link rel=\"canonical\" href=\"https:\/\/www.etzelclinic.ch\/fr\/startseite\/\" \/>\n<meta property=\"og:locale\" content=\"fr_FR\" \/>\n<meta property=\"og:type\" content=\"article\" \/>\n<meta property=\"og:title\" content=\"Bienvenue \u00e0 l\u2019etzelclinic - etzelclinic\" \/>\n<meta property=\"og:description\" content=\"Sp\u00e9cialistes de chirurgie articulaire de tous les domaines de l\u2019appareil locomoteur, nous vous souhaitons la bienvenue.Nous vous offrons les plus hautes comp\u00e9tences et exp\u00e9riences chirurgicales et aussi m\u00e9dicales conservatrices dans une atmosph\u00e8re moderne et personnelle.Nos m\u00e9decins sont des sp\u00e9cialistes des articulations comme les \u00e9paules, les genoux, les hanches, les pieds respectivement l\u2019articulation du pied et [&hellip;]\" \/>\n<meta property=\"og:url\" content=\"https:\/\/www.etzelclinic.ch\/fr\/startseite\/\" \/>\n<meta property=\"og:site_name\" content=\"etzelclinic\" \/>\n<meta property=\"article:modified_time\" content=\"2024-01-19T16:48:22+00:00\" \/>\n<meta name=\"twitter:card\" content=\"summary_large_image\" \/>\n<meta name=\"twitter:label1\" content=\"Est. reading time\" \/>\n\t<meta name=\"twitter:data1\" content=\"1 minute\" \/>\n<script type=\"application\/ld+json\" class=\"yoast-schema-graph\">{\"@context\":\"https:\\\/\\\/schema.org\",\"@graph\":[{\"@type\":\"WebPage\",\"@id\":\"https:\\\/\\\/www.etzelclinic.ch\\\/fr\\\/startseite\\\/\",\"url\":\"https:\\\/\\\/www.etzelclinic.ch\\\/fr\\\/startseite\\\/\",\"name\":\"Bienvenue \u00e0 l\u2019etzelclinic - etzelclinic\",\"isPartOf\":{\"@id\":\"https:\\\/\\\/www.etzelclinic.ch\\\/#website\"},\"datePublished\":\"2014-03-06T14:06:10+00:00\",\"dateModified\":\"2024-01-19T16:48:22+00:00\",\"breadcrumb\":{\"@id\":\"https:\\\/\\\/www.etzelclinic.ch\\\/fr\\\/startseite\\\/#breadcrumb\"},\"inLanguage\":\"fr-CH\",\"potentialAction\":[{\"@type\":\"ReadAction\",\"target\":[\"https:\\\/\\\/www.etzelclinic.ch\\\/fr\\\/startseite\\\/\"]}]},{\"@type\":\"BreadcrumbList\",\"@id\":\"https:\\\/\\\/www.etzelclinic.ch\\\/fr\\\/startseite\\\/#breadcrumb\",\"itemListElement\":[{\"@type\":\"ListItem\",\"position\":1,\"name\":\"Startseite\",\"item\":\"https:\\\/\\\/www.etzelclinic.ch\\\/fr\\\/startseite\\\/\"},{\"@type\":\"ListItem\",\"position\":2,\"name\":\"Bienvenue \u00e0 l\u2019etzelclinic\"}]},{\"@type\":\"WebSite\",\"@id\":\"https:\\\/\\\/www.etzelclinic.ch\\\/#website\",\"url\":\"https:\\\/\\\/www.etzelclinic.ch\\\/\",\"name\":\"etzelclinic\",\"description\":\"Center for Minimally Invasive Surgery\",\"publisher\":{\"@id\":\"https:\\\/\\\/www.etzelclinic.ch\\\/#organization\"},\"potentialAction\":[{\"@type\":\"SearchAction\",\"target\":{\"@type\":\"EntryPoint\",\"urlTemplate\":\"https:\\\/\\\/www.etzelclinic.ch\\\/?s={search_term_string}\"},\"query-input\":{\"@type\":\"PropertyValueSpecification\",\"valueRequired\":true,\"valueName\":\"search_term_string\"}}],\"inLanguage\":\"fr-CH\"},{\"@type\":\"Organization\",\"@id\":\"https:\\\/\\\/www.etzelclinic.ch\\\/#organization\",\"name\":\"etzelclinic\",\"url\":\"https:\\\/\\\/www.etzelclinic.ch\\\/\",\"logo\":{\"@type\":\"ImageObject\",\"inLanguage\":\"fr-CH\",\"@id\":\"https:\\\/\\\/www.etzelclinic.ch\\\/#\\\/schema\\\/logo\\\/image\\\/\",\"url\":\"https:\\\/\\\/www.etzelclinic.ch\\\/wp-content\\\/uploads\\\/2023\\\/05\\\/logo.svg\",\"contentUrl\":\"https:\\\/\\\/www.etzelclinic.ch\\\/wp-content\\\/uploads\\\/2023\\\/05\\\/logo.svg\",\"width\":140,\"height\":140,\"caption\":\"etzelclinic\"},\"image\":{\"@id\":\"https:\\\/\\\/www.etzelclinic.ch\\\/#\\\/schema\\\/logo\\\/image\\\/\"}}]}<\/script>\n<!-- \/ Yoast SEO plugin. -->","yoast_head_json":{"title":"Bienvenue \u00e0 l\u2019etzelclinic - etzelclinic","robots":{"index":"index","follow":"follow","max-snippet":"max-snippet:-1","max-image-preview":"max-image-preview:large","max-video-preview":"max-video-preview:-1"},"canonical":"https:\/\/www.etzelclinic.ch\/fr\/startseite\/","og_locale":"fr_FR","og_type":"article","og_title":"Bienvenue \u00e0 l\u2019etzelclinic - etzelclinic","og_description":"Sp\u00e9cialistes de chirurgie articulaire de tous les domaines de l\u2019appareil locomoteur, nous vous souhaitons la bienvenue.Nous vous offrons les plus hautes comp\u00e9tences et exp\u00e9riences chirurgicales et aussi m\u00e9dicales conservatrices dans une atmosph\u00e8re moderne et personnelle.Nos m\u00e9decins sont des sp\u00e9cialistes des articulations comme les \u00e9paules, les genoux, les hanches, les pieds respectivement l\u2019articulation du pied et [&hellip;]","og_url":"https:\/\/www.etzelclinic.ch\/fr\/startseite\/","og_site_name":"etzelclinic","article_modified_time":"2024-01-19T16:48:22+00:00","twitter_card":"summary_large_image","twitter_misc":{"Est. reading time":"1 minute"},"schema":{"@context":"https:\/\/schema.org","@graph":[{"@type":"WebPage","@id":"https:\/\/www.etzelclinic.ch\/fr\/startseite\/","url":"https:\/\/www.etzelclinic.ch\/fr\/startseite\/","name":"Bienvenue \u00e0 l\u2019etzelclinic - etzelclinic","isPartOf":{"@id":"https:\/\/www.etzelclinic.ch\/#website"},"datePublished":"2014-03-06T14:06:10+00:00","dateModified":"2024-01-19T16:48:22+00:00","breadcrumb":{"@id":"https:\/\/www.etzelclinic.ch\/fr\/startseite\/#breadcrumb"},"inLanguage":"fr-CH","potentialAction":[{"@type":"ReadAction","target":["https:\/\/www.etzelclinic.ch\/fr\/startseite\/"]}]},{"@type":"BreadcrumbList","@id":"https:\/\/www.etzelclinic.ch\/fr\/startseite\/#breadcrumb","itemListElement":[{"@type":"ListItem","position":1,"name":"Startseite","item":"https:\/\/www.etzelclinic.ch\/fr\/startseite\/"},{"@type":"ListItem","position":2,"name":"Bienvenue \u00e0 l\u2019etzelclinic"}]},{"@type":"WebSite","@id":"https:\/\/www.etzelclinic.ch\/#website","url":"https:\/\/www.etzelclinic.ch\/","name":"etzelclinic","description":"Center for Minimally Invasive Surgery","publisher":{"@id":"https:\/\/www.etzelclinic.ch\/#organization"},"potentialAction":[{"@type":"SearchAction","target":{"@type":"EntryPoint","urlTemplate":"https:\/\/www.etzelclinic.ch\/?s={search_term_string}"},"query-input":{"@type":"PropertyValueSpecification","valueRequired":true,"valueName":"search_term_string"}}],"inLanguage":"fr-CH"},{"@type":"Organization","@id":"https:\/\/www.etzelclinic.ch\/#organization","name":"etzelclinic","url":"https:\/\/www.etzelclinic.ch\/","logo":{"@type":"ImageObject","inLanguage":"fr-CH","@id":"https:\/\/www.etzelclinic.ch\/#\/schema\/logo\/image\/","url":"https:\/\/www.etzelclinic.ch\/wp-content\/uploads\/2023\/05\/logo.svg","contentUrl":"https:\/\/www.etzelclinic.ch\/wp-content\/uploads\/2023\/05\/logo.svg","width":140,"height":140,"caption":"etzelclinic"},"image":{"@id":"https:\/\/www.etzelclinic.ch\/#\/schema\/logo\/image\/"}}]}},"_links":{"self":[{"href":"https:\/\/www.etzelclinic.ch\/fr\/wp-json\/wp\/v2\/pages\/6577","targetHints":{"allow":["GET"]}}],"collection":[{"href":"https:\/\/www.etzelclinic.ch\/fr\/wp-json\/wp\/v2\/pages"}],"about":[{"href":"https:\/\/www.etzelclinic.ch\/fr\/wp-json\/wp\/v2\/types\/page"}],"author":[{"embeddable":true,"href":"https:\/\/www.etzelclinic.ch\/fr\/wp-json\/wp\/v2\/users\/2"}],"replies":[{"embeddable":true,"href":"https:\/\/www.etzelclinic.ch\/fr\/wp-json\/wp\/v2\/comments?post=6577"}],"version-history":[{"count":4,"href":"https:\/\/www.etzelclinic.ch\/fr\/wp-json\/wp\/v2\/pages\/6577\/revisions"}],"predecessor-version":[{"id":7784,"href":"https:\/\/www.etzelclinic.ch\/fr\/wp-json\/wp\/v2\/pages\/6577\/revisions\/7784"}],"wp:attachment":[{"href":"https:\/\/www.etzelclinic.ch\/fr\/wp-json\/wp\/v2\/media?parent=6577"}],"curies":[{"name":"wp","href":"https:\/\/api.w.org\/{rel}","templated":true}]}}