{"id":6622,"date":"2014-03-06T16:14:28","date_gmt":"2014-03-06T14:14:28","guid":{"rendered":"https:\/\/www.etzelclinic.ch\/?page_id=6622"},"modified":"2023-09-29T08:59:29","modified_gmt":"2023-09-29T07:59:29","slug":"le-coude","status":"publish","type":"page","link":"https:\/\/www.etzelclinic.ch\/fr\/services-medicaux\/le-coude\/","title":{"rendered":"Le coude"},"content":{"rendered":"<div>L\u2019articulation du coude est en charni\u00e8re rotative, consistant du bras sup\u00e9rieur, radius et cubitus. Cons\u00e9quemment son anatomie est complexe. Des maladies et des blessures de cette articulation sont consider\u00e9es comme t\u00e2che ambitieuse aussi bien pour le patient que pour le m\u00e9decin traitant. \u00c0 l\u2019etzelclinic toutes les nouvelles technologies d\u2019imagerie (sonographie, IRM, tomodensitom\u00e9trie, szintigraphie) sont \u00e0 disposition. Pour des examens compl\u00e9mentaires qui pourraient \u00eatre n\u00e9cessaires (neurologie, rhumatologie, th\u00e9rapie de la douleur etc.), nous collaborons en plus avec un r\u00e9seau d\u2019autres sp\u00e9cialistes. En cas d\u2019op\u00e9ration, nous offrons le portfeuille complet de la chirurgie moderne du coude. Cela comprend la chirurgie arthroscopique \u00e0 effraction minimale, mais aussi la chirurgie traumathologique orthop\u00e9dique ouverte au coude.\n        <\/div>\n","protected":false},"excerpt":{"rendered":"<p>L\u2019articulation du coude est en charni\u00e8re rotative, consistant du bras sup\u00e9rieur, radius et cubitus. Cons\u00e9quemment son anatomie est complexe. Des maladies et des blessures de cette articulation sont consider\u00e9es comme t\u00e2che ambitieuse aussi bien pour le patient que pour le m\u00e9decin traitant. \u00c0 l\u2019etzelclinic toutes les nouvelles technologies d\u2019imagerie (sonographie, IRM, tomodensitom\u00e9trie, szintigraphie) sont \u00e0 [&hellip;]<\/p>\n","protected":false},"author":2,"featured_media":0,"parent":6579,"menu_order":11,"comment_status":"closed","ping_status":"open","template":"page-fg.php","meta":{"_acf_changed":false,"footnotes":""},"class_list":["post-6622","page","type-page","status-publish","hentry"],"acf":[],"yoast_head":"<!-- This site is optimized with the Yoast SEO plugin v27.3 - https:\/\/yoast.com\/product\/yoast-seo-wordpress\/ -->\n<title>Le coude - etzelclinic<\/title>\n<meta name=\"robots\" content=\"index, follow, max-snippet:-1, max-image-preview:large, max-video-preview:-1\" \/>\n<link rel=\"canonical\" href=\"https:\/\/www.etzelclinic.ch\/fr\/services-medicaux\/le-coude\/\" \/>\n<meta property=\"og:locale\" content=\"fr_FR\" \/>\n<meta property=\"og:type\" content=\"article\" \/>\n<meta property=\"og:title\" content=\"Le coude - etzelclinic\" \/>\n<meta property=\"og:description\" content=\"L\u2019articulation du coude est en charni\u00e8re rotative, consistant du bras sup\u00e9rieur, radius et cubitus. Cons\u00e9quemment son anatomie est complexe. Des maladies et des blessures de cette articulation sont consider\u00e9es comme t\u00e2che ambitieuse aussi bien pour le patient que pour le m\u00e9decin traitant. \u00c0 l\u2019etzelclinic toutes les nouvelles technologies d\u2019imagerie (sonographie, IRM, tomodensitom\u00e9trie, szintigraphie) sont \u00e0 [&hellip;]\" \/>\n<meta property=\"og:url\" content=\"https:\/\/www.etzelclinic.ch\/fr\/services-medicaux\/le-coude\/\" \/>\n<meta property=\"og:site_name\" content=\"etzelclinic\" \/>\n<meta property=\"article:modified_time\" content=\"2023-09-29T07:59:29+00:00\" \/>\n<meta name=\"twitter:card\" content=\"summary_large_image\" \/>\n<meta name=\"twitter:label1\" content=\"Est. reading time\" \/>\n\t<meta name=\"twitter:data1\" content=\"1 minute\" \/>\n<script type=\"application\/ld+json\" class=\"yoast-schema-graph\">{\"@context\":\"https:\\\/\\\/schema.org\",\"@graph\":[{\"@type\":\"WebPage\",\"@id\":\"https:\\\/\\\/www.etzelclinic.ch\\\/fr\\\/services-medicaux\\\/le-coude\\\/\",\"url\":\"https:\\\/\\\/www.etzelclinic.ch\\\/fr\\\/services-medicaux\\\/le-coude\\\/\",\"name\":\"Le coude - etzelclinic\",\"isPartOf\":{\"@id\":\"https:\\\/\\\/www.etzelclinic.ch\\\/#website\"},\"datePublished\":\"2014-03-06T14:14:28+00:00\",\"dateModified\":\"2023-09-29T07:59:29+00:00\",\"breadcrumb\":{\"@id\":\"https:\\\/\\\/www.etzelclinic.ch\\\/fr\\\/services-medicaux\\\/le-coude\\\/#breadcrumb\"},\"inLanguage\":\"fr-CH\",\"potentialAction\":[{\"@type\":\"ReadAction\",\"target\":[\"https:\\\/\\\/www.etzelclinic.ch\\\/fr\\\/services-medicaux\\\/le-coude\\\/\"]}]},{\"@type\":\"BreadcrumbList\",\"@id\":\"https:\\\/\\\/www.etzelclinic.ch\\\/fr\\\/services-medicaux\\\/le-coude\\\/#breadcrumb\",\"itemListElement\":[{\"@type\":\"ListItem\",\"position\":1,\"name\":\"Startseite\",\"item\":\"https:\\\/\\\/www.etzelclinic.ch\\\/fr\\\/startseite\\\/\"},{\"@type\":\"ListItem\",\"position\":2,\"name\":\"Services m\u00e9dicaux\",\"item\":\"https:\\\/\\\/www.etzelclinic.ch\\\/fr\\\/services-medicaux\\\/\"},{\"@type\":\"ListItem\",\"position\":3,\"name\":\"Le coude\"}]},{\"@type\":\"WebSite\",\"@id\":\"https:\\\/\\\/www.etzelclinic.ch\\\/#website\",\"url\":\"https:\\\/\\\/www.etzelclinic.ch\\\/\",\"name\":\"etzelclinic\",\"description\":\"Center for Minimally Invasive Surgery\",\"publisher\":{\"@id\":\"https:\\\/\\\/www.etzelclinic.ch\\\/#organization\"},\"potentialAction\":[{\"@type\":\"SearchAction\",\"target\":{\"@type\":\"EntryPoint\",\"urlTemplate\":\"https:\\\/\\\/www.etzelclinic.ch\\\/?s={search_term_string}\"},\"query-input\":{\"@type\":\"PropertyValueSpecification\",\"valueRequired\":true,\"valueName\":\"search_term_string\"}}],\"inLanguage\":\"fr-CH\"},{\"@type\":\"Organization\",\"@id\":\"https:\\\/\\\/www.etzelclinic.ch\\\/#organization\",\"name\":\"etzelclinic\",\"url\":\"https:\\\/\\\/www.etzelclinic.ch\\\/\",\"logo\":{\"@type\":\"ImageObject\",\"inLanguage\":\"fr-CH\",\"@id\":\"https:\\\/\\\/www.etzelclinic.ch\\\/#\\\/schema\\\/logo\\\/image\\\/\",\"url\":\"https:\\\/\\\/www.etzelclinic.ch\\\/wp-content\\\/uploads\\\/2023\\\/05\\\/logo.svg\",\"contentUrl\":\"https:\\\/\\\/www.etzelclinic.ch\\\/wp-content\\\/uploads\\\/2023\\\/05\\\/logo.svg\",\"width\":140,\"height\":140,\"caption\":\"etzelclinic\"},\"image\":{\"@id\":\"https:\\\/\\\/www.etzelclinic.ch\\\/#\\\/schema\\\/logo\\\/image\\\/\"}}]}<\/script>\n<!-- \/ Yoast SEO plugin. -->","yoast_head_json":{"title":"Le coude - etzelclinic","robots":{"index":"index","follow":"follow","max-snippet":"max-snippet:-1","max-image-preview":"max-image-preview:large","max-video-preview":"max-video-preview:-1"},"canonical":"https:\/\/www.etzelclinic.ch\/fr\/services-medicaux\/le-coude\/","og_locale":"fr_FR","og_type":"article","og_title":"Le coude - etzelclinic","og_description":"L\u2019articulation du coude est en charni\u00e8re rotative, consistant du bras sup\u00e9rieur, radius et cubitus. Cons\u00e9quemment son anatomie est complexe. Des maladies et des blessures de cette articulation sont consider\u00e9es comme t\u00e2che ambitieuse aussi bien pour le patient que pour le m\u00e9decin traitant. \u00c0 l\u2019etzelclinic toutes les nouvelles technologies d\u2019imagerie (sonographie, IRM, tomodensitom\u00e9trie, szintigraphie) sont \u00e0 [&hellip;]","og_url":"https:\/\/www.etzelclinic.ch\/fr\/services-medicaux\/le-coude\/","og_site_name":"etzelclinic","article_modified_time":"2023-09-29T07:59:29+00:00","twitter_card":"summary_large_image","twitter_misc":{"Est. reading time":"1 minute"},"schema":{"@context":"https:\/\/schema.org","@graph":[{"@type":"WebPage","@id":"https:\/\/www.etzelclinic.ch\/fr\/services-medicaux\/le-coude\/","url":"https:\/\/www.etzelclinic.ch\/fr\/services-medicaux\/le-coude\/","name":"Le coude - etzelclinic","isPartOf":{"@id":"https:\/\/www.etzelclinic.ch\/#website"},"datePublished":"2014-03-06T14:14:28+00:00","dateModified":"2023-09-29T07:59:29+00:00","breadcrumb":{"@id":"https:\/\/www.etzelclinic.ch\/fr\/services-medicaux\/le-coude\/#breadcrumb"},"inLanguage":"fr-CH","potentialAction":[{"@type":"ReadAction","target":["https:\/\/www.etzelclinic.ch\/fr\/services-medicaux\/le-coude\/"]}]},{"@type":"BreadcrumbList","@id":"https:\/\/www.etzelclinic.ch\/fr\/services-medicaux\/le-coude\/#breadcrumb","itemListElement":[{"@type":"ListItem","position":1,"name":"Startseite","item":"https:\/\/www.etzelclinic.ch\/fr\/startseite\/"},{"@type":"ListItem","position":2,"name":"Services m\u00e9dicaux","item":"https:\/\/www.etzelclinic.ch\/fr\/services-medicaux\/"},{"@type":"ListItem","position":3,"name":"Le coude"}]},{"@type":"WebSite","@id":"https:\/\/www.etzelclinic.ch\/#website","url":"https:\/\/www.etzelclinic.ch\/","name":"etzelclinic","description":"Center for Minimally Invasive Surgery","publisher":{"@id":"https:\/\/www.etzelclinic.ch\/#organization"},"potentialAction":[{"@type":"SearchAction","target":{"@type":"EntryPoint","urlTemplate":"https:\/\/www.etzelclinic.ch\/?s={search_term_string}"},"query-input":{"@type":"PropertyValueSpecification","valueRequired":true,"valueName":"search_term_string"}}],"inLanguage":"fr-CH"},{"@type":"Organization","@id":"https:\/\/www.etzelclinic.ch\/#organization","name":"etzelclinic","url":"https:\/\/www.etzelclinic.ch\/","logo":{"@type":"ImageObject","inLanguage":"fr-CH","@id":"https:\/\/www.etzelclinic.ch\/#\/schema\/logo\/image\/","url":"https:\/\/www.etzelclinic.ch\/wp-content\/uploads\/2023\/05\/logo.svg","contentUrl":"https:\/\/www.etzelclinic.ch\/wp-content\/uploads\/2023\/05\/logo.svg","width":140,"height":140,"caption":"etzelclinic"},"image":{"@id":"https:\/\/www.etzelclinic.ch\/#\/schema\/logo\/image\/"}}]}},"_links":{"self":[{"href":"https:\/\/www.etzelclinic.ch\/fr\/wp-json\/wp\/v2\/pages\/6622","targetHints":{"allow":["GET"]}}],"collection":[{"href":"https:\/\/www.etzelclinic.ch\/fr\/wp-json\/wp\/v2\/pages"}],"about":[{"href":"https:\/\/www.etzelclinic.ch\/fr\/wp-json\/wp\/v2\/types\/page"}],"author":[{"embeddable":true,"href":"https:\/\/www.etzelclinic.ch\/fr\/wp-json\/wp\/v2\/users\/2"}],"replies":[{"embeddable":true,"href":"https:\/\/www.etzelclinic.ch\/fr\/wp-json\/wp\/v2\/comments?post=6622"}],"version-history":[{"count":3,"href":"https:\/\/www.etzelclinic.ch\/fr\/wp-json\/wp\/v2\/pages\/6622\/revisions"}],"predecessor-version":[{"id":6748,"href":"https:\/\/www.etzelclinic.ch\/fr\/wp-json\/wp\/v2\/pages\/6622\/revisions\/6748"}],"up":[{"embeddable":true,"href":"https:\/\/www.etzelclinic.ch\/fr\/wp-json\/wp\/v2\/pages\/6579"}],"wp:attachment":[{"href":"https:\/\/www.etzelclinic.ch\/fr\/wp-json\/wp\/v2\/media?parent=6622"}],"curies":[{"name":"wp","href":"https:\/\/api.w.org\/{rel}","templated":true}]}}