{"id":6623,"date":"2014-03-06T16:14:28","date_gmt":"2014-03-06T14:14:28","guid":{"rendered":"https:\/\/www.etzelclinic.ch\/?page_id=6623"},"modified":"2023-09-29T08:59:30","modified_gmt":"2023-09-29T07:59:30","slug":"la-main","status":"publish","type":"page","link":"https:\/\/www.etzelclinic.ch\/fr\/services-medicaux\/la-main\/","title":{"rendered":"La main"},"content":{"rendered":"<div>L\u2019\u00e9ventail de la chirurgie de la main comprend les probl\u00e8mes de l\u2019extr\u00e9mit\u00e9 sup\u00e9rieure, c\u2019est-\u00e0-dire du bout des doigts au bras et inclus par cons\u00e9quent le poignet et l\u2019articulation du coude. Des blessures et des maladies de la main sont fr\u00e9quentes et pr\u00e9sentent un danger de restriction de la fonction d\u2019une des parties du corps les plus importantes pour notre vie quotidienne. La chirurgie de la main est sp\u00e9cialis\u00e9e dans le traitement conservateur et op\u00e9ratoire des accidents et de leurs cons\u00e9quences, des maladies acquises et des malformations de la main. Les op\u00e9rations \u00e0 l\u2019os, aux articulations, aux muscles et aux tendons, mais aussi \u00e0 la peau, aux nerfs et aux vaisseaux sanguins sont r\u00e9alis\u00e9es \u00e0 l&#8217;aide des moyens visuels et des instruments de pr\u00e9cision les plus r\u00e9cents.\n        <\/div>\n","protected":false},"excerpt":{"rendered":"<p>L\u2019\u00e9ventail de la chirurgie de la main comprend les probl\u00e8mes de l\u2019extr\u00e9mit\u00e9 sup\u00e9rieure, c\u2019est-\u00e0-dire du bout des doigts au bras et inclus par cons\u00e9quent le poignet et l\u2019articulation du coude. Des blessures et des maladies de la main sont fr\u00e9quentes et pr\u00e9sentent un danger de restriction de la fonction d\u2019une des parties du corps les [&hellip;]<\/p>\n","protected":false},"author":2,"featured_media":0,"parent":6579,"menu_order":12,"comment_status":"closed","ping_status":"open","template":"page-fg.php","meta":{"_acf_changed":false,"footnotes":""},"class_list":["post-6623","page","type-page","status-publish","hentry"],"acf":[],"yoast_head":"<!-- This site is optimized with the Yoast SEO plugin v27.3 - https:\/\/yoast.com\/product\/yoast-seo-wordpress\/ -->\n<title>La main - etzelclinic<\/title>\n<meta name=\"robots\" content=\"index, follow, max-snippet:-1, max-image-preview:large, max-video-preview:-1\" \/>\n<link rel=\"canonical\" href=\"https:\/\/www.etzelclinic.ch\/fr\/services-medicaux\/la-main\/\" \/>\n<meta property=\"og:locale\" content=\"fr_FR\" \/>\n<meta property=\"og:type\" content=\"article\" \/>\n<meta property=\"og:title\" content=\"La main - etzelclinic\" \/>\n<meta property=\"og:description\" content=\"L\u2019\u00e9ventail de la chirurgie de la main comprend les probl\u00e8mes de l\u2019extr\u00e9mit\u00e9 sup\u00e9rieure, c\u2019est-\u00e0-dire du bout des doigts au bras et inclus par cons\u00e9quent le poignet et l\u2019articulation du coude. Des blessures et des maladies de la main sont fr\u00e9quentes et pr\u00e9sentent un danger de restriction de la fonction d\u2019une des parties du corps les [&hellip;]\" \/>\n<meta property=\"og:url\" content=\"https:\/\/www.etzelclinic.ch\/fr\/services-medicaux\/la-main\/\" \/>\n<meta property=\"og:site_name\" content=\"etzelclinic\" \/>\n<meta property=\"article:modified_time\" content=\"2023-09-29T07:59:30+00:00\" \/>\n<meta name=\"twitter:card\" content=\"summary_large_image\" \/>\n<meta name=\"twitter:label1\" content=\"Est. reading time\" \/>\n\t<meta name=\"twitter:data1\" content=\"1 minute\" \/>\n<script type=\"application\/ld+json\" class=\"yoast-schema-graph\">{\"@context\":\"https:\\\/\\\/schema.org\",\"@graph\":[{\"@type\":\"WebPage\",\"@id\":\"https:\\\/\\\/www.etzelclinic.ch\\\/fr\\\/services-medicaux\\\/la-main\\\/\",\"url\":\"https:\\\/\\\/www.etzelclinic.ch\\\/fr\\\/services-medicaux\\\/la-main\\\/\",\"name\":\"La main - etzelclinic\",\"isPartOf\":{\"@id\":\"https:\\\/\\\/www.etzelclinic.ch\\\/#website\"},\"datePublished\":\"2014-03-06T14:14:28+00:00\",\"dateModified\":\"2023-09-29T07:59:30+00:00\",\"breadcrumb\":{\"@id\":\"https:\\\/\\\/www.etzelclinic.ch\\\/fr\\\/services-medicaux\\\/la-main\\\/#breadcrumb\"},\"inLanguage\":\"fr-CH\",\"potentialAction\":[{\"@type\":\"ReadAction\",\"target\":[\"https:\\\/\\\/www.etzelclinic.ch\\\/fr\\\/services-medicaux\\\/la-main\\\/\"]}]},{\"@type\":\"BreadcrumbList\",\"@id\":\"https:\\\/\\\/www.etzelclinic.ch\\\/fr\\\/services-medicaux\\\/la-main\\\/#breadcrumb\",\"itemListElement\":[{\"@type\":\"ListItem\",\"position\":1,\"name\":\"Startseite\",\"item\":\"https:\\\/\\\/www.etzelclinic.ch\\\/fr\\\/startseite\\\/\"},{\"@type\":\"ListItem\",\"position\":2,\"name\":\"Services m\u00e9dicaux\",\"item\":\"https:\\\/\\\/www.etzelclinic.ch\\\/fr\\\/services-medicaux\\\/\"},{\"@type\":\"ListItem\",\"position\":3,\"name\":\"La main\"}]},{\"@type\":\"WebSite\",\"@id\":\"https:\\\/\\\/www.etzelclinic.ch\\\/#website\",\"url\":\"https:\\\/\\\/www.etzelclinic.ch\\\/\",\"name\":\"etzelclinic\",\"description\":\"Center for Minimally Invasive Surgery\",\"publisher\":{\"@id\":\"https:\\\/\\\/www.etzelclinic.ch\\\/#organization\"},\"potentialAction\":[{\"@type\":\"SearchAction\",\"target\":{\"@type\":\"EntryPoint\",\"urlTemplate\":\"https:\\\/\\\/www.etzelclinic.ch\\\/?s={search_term_string}\"},\"query-input\":{\"@type\":\"PropertyValueSpecification\",\"valueRequired\":true,\"valueName\":\"search_term_string\"}}],\"inLanguage\":\"fr-CH\"},{\"@type\":\"Organization\",\"@id\":\"https:\\\/\\\/www.etzelclinic.ch\\\/#organization\",\"name\":\"etzelclinic\",\"url\":\"https:\\\/\\\/www.etzelclinic.ch\\\/\",\"logo\":{\"@type\":\"ImageObject\",\"inLanguage\":\"fr-CH\",\"@id\":\"https:\\\/\\\/www.etzelclinic.ch\\\/#\\\/schema\\\/logo\\\/image\\\/\",\"url\":\"https:\\\/\\\/www.etzelclinic.ch\\\/wp-content\\\/uploads\\\/2023\\\/05\\\/logo.svg\",\"contentUrl\":\"https:\\\/\\\/www.etzelclinic.ch\\\/wp-content\\\/uploads\\\/2023\\\/05\\\/logo.svg\",\"width\":140,\"height\":140,\"caption\":\"etzelclinic\"},\"image\":{\"@id\":\"https:\\\/\\\/www.etzelclinic.ch\\\/#\\\/schema\\\/logo\\\/image\\\/\"}}]}<\/script>\n<!-- \/ Yoast SEO plugin. -->","yoast_head_json":{"title":"La main - etzelclinic","robots":{"index":"index","follow":"follow","max-snippet":"max-snippet:-1","max-image-preview":"max-image-preview:large","max-video-preview":"max-video-preview:-1"},"canonical":"https:\/\/www.etzelclinic.ch\/fr\/services-medicaux\/la-main\/","og_locale":"fr_FR","og_type":"article","og_title":"La main - etzelclinic","og_description":"L\u2019\u00e9ventail de la chirurgie de la main comprend les probl\u00e8mes de l\u2019extr\u00e9mit\u00e9 sup\u00e9rieure, c\u2019est-\u00e0-dire du bout des doigts au bras et inclus par cons\u00e9quent le poignet et l\u2019articulation du coude. Des blessures et des maladies de la main sont fr\u00e9quentes et pr\u00e9sentent un danger de restriction de la fonction d\u2019une des parties du corps les [&hellip;]","og_url":"https:\/\/www.etzelclinic.ch\/fr\/services-medicaux\/la-main\/","og_site_name":"etzelclinic","article_modified_time":"2023-09-29T07:59:30+00:00","twitter_card":"summary_large_image","twitter_misc":{"Est. reading time":"1 minute"},"schema":{"@context":"https:\/\/schema.org","@graph":[{"@type":"WebPage","@id":"https:\/\/www.etzelclinic.ch\/fr\/services-medicaux\/la-main\/","url":"https:\/\/www.etzelclinic.ch\/fr\/services-medicaux\/la-main\/","name":"La main - etzelclinic","isPartOf":{"@id":"https:\/\/www.etzelclinic.ch\/#website"},"datePublished":"2014-03-06T14:14:28+00:00","dateModified":"2023-09-29T07:59:30+00:00","breadcrumb":{"@id":"https:\/\/www.etzelclinic.ch\/fr\/services-medicaux\/la-main\/#breadcrumb"},"inLanguage":"fr-CH","potentialAction":[{"@type":"ReadAction","target":["https:\/\/www.etzelclinic.ch\/fr\/services-medicaux\/la-main\/"]}]},{"@type":"BreadcrumbList","@id":"https:\/\/www.etzelclinic.ch\/fr\/services-medicaux\/la-main\/#breadcrumb","itemListElement":[{"@type":"ListItem","position":1,"name":"Startseite","item":"https:\/\/www.etzelclinic.ch\/fr\/startseite\/"},{"@type":"ListItem","position":2,"name":"Services m\u00e9dicaux","item":"https:\/\/www.etzelclinic.ch\/fr\/services-medicaux\/"},{"@type":"ListItem","position":3,"name":"La main"}]},{"@type":"WebSite","@id":"https:\/\/www.etzelclinic.ch\/#website","url":"https:\/\/www.etzelclinic.ch\/","name":"etzelclinic","description":"Center for Minimally Invasive Surgery","publisher":{"@id":"https:\/\/www.etzelclinic.ch\/#organization"},"potentialAction":[{"@type":"SearchAction","target":{"@type":"EntryPoint","urlTemplate":"https:\/\/www.etzelclinic.ch\/?s={search_term_string}"},"query-input":{"@type":"PropertyValueSpecification","valueRequired":true,"valueName":"search_term_string"}}],"inLanguage":"fr-CH"},{"@type":"Organization","@id":"https:\/\/www.etzelclinic.ch\/#organization","name":"etzelclinic","url":"https:\/\/www.etzelclinic.ch\/","logo":{"@type":"ImageObject","inLanguage":"fr-CH","@id":"https:\/\/www.etzelclinic.ch\/#\/schema\/logo\/image\/","url":"https:\/\/www.etzelclinic.ch\/wp-content\/uploads\/2023\/05\/logo.svg","contentUrl":"https:\/\/www.etzelclinic.ch\/wp-content\/uploads\/2023\/05\/logo.svg","width":140,"height":140,"caption":"etzelclinic"},"image":{"@id":"https:\/\/www.etzelclinic.ch\/#\/schema\/logo\/image\/"}}]}},"_links":{"self":[{"href":"https:\/\/www.etzelclinic.ch\/fr\/wp-json\/wp\/v2\/pages\/6623","targetHints":{"allow":["GET"]}}],"collection":[{"href":"https:\/\/www.etzelclinic.ch\/fr\/wp-json\/wp\/v2\/pages"}],"about":[{"href":"https:\/\/www.etzelclinic.ch\/fr\/wp-json\/wp\/v2\/types\/page"}],"author":[{"embeddable":true,"href":"https:\/\/www.etzelclinic.ch\/fr\/wp-json\/wp\/v2\/users\/2"}],"replies":[{"embeddable":true,"href":"https:\/\/www.etzelclinic.ch\/fr\/wp-json\/wp\/v2\/comments?post=6623"}],"version-history":[{"count":3,"href":"https:\/\/www.etzelclinic.ch\/fr\/wp-json\/wp\/v2\/pages\/6623\/revisions"}],"predecessor-version":[{"id":6749,"href":"https:\/\/www.etzelclinic.ch\/fr\/wp-json\/wp\/v2\/pages\/6623\/revisions\/6749"}],"up":[{"embeddable":true,"href":"https:\/\/www.etzelclinic.ch\/fr\/wp-json\/wp\/v2\/pages\/6579"}],"wp:attachment":[{"href":"https:\/\/www.etzelclinic.ch\/fr\/wp-json\/wp\/v2\/media?parent=6623"}],"curies":[{"name":"wp","href":"https:\/\/api.w.org\/{rel}","templated":true}]}}