{"id":6624,"date":"2014-03-06T16:14:28","date_gmt":"2014-03-06T14:14:28","guid":{"rendered":"https:\/\/www.etzelclinic.ch\/?page_id=6624"},"modified":"2023-09-29T08:59:31","modified_gmt":"2023-09-29T07:59:31","slug":"la-hanche","status":"publish","type":"page","link":"https:\/\/www.etzelclinic.ch\/fr\/services-medicaux\/la-hanche\/","title":{"rendered":"La hanche"},"content":{"rendered":"<div>Ces derni\u00e8res ann\u00e9es les probl\u00e8mes de la hanche sont de plus en plus fr\u00e9quents. Les sportifs en particulier sont susceptibles de subir des dommages douloureux ou une usure de l&#8217;articulation de la hanche qui, si elle n&#8217;est pas trait\u00e9e, entra\u00eenera une arthrose. La chirurgie de la hanche \u00e0 l\u2019etzelclinic aide ses patients, toujours en fonction de la gravit\u00e9 du diagnostic, avec trois formes de th\u00e9rapie. Les probl\u00e8mes les plus l\u00e9g\u00e8rs peuvent \u00eatre trait\u00e9s par une physioth\u00e9rapie sp\u00e9cifique ou une th\u00e9rapie d&#8217;infiltration. En tant que traitement compl\u00e9mentaire, l&#8217;endoscopie mini-invasive de l&#8217;articulation de la hanche offre des possibilit\u00e9s optimales pour r\u00e9parer en douceur de nombreux dommages de cette articulation. Ainsi le cartilage peut \u00eatre r\u00e9par\u00e9, la l\u00e8vre articulaire peut \u00eatre sutur\u00e9e ou reconstruite et l&#8217;os saillant peut \u00eatre liss\u00e9. Si l&#8217;arthrose est avanc\u00e9e, nous recommandons l&#8217;implantation d&#8217;une articulation artificielle de la hanche avec une technique peu invasive et \u00e9pargnant les tissus mous, qui permet une r\u00e9habilitation et une ind\u00e9pendance tr\u00e8s rapides.\n        <\/div>\n","protected":false},"excerpt":{"rendered":"<p>Ces derni\u00e8res ann\u00e9es les probl\u00e8mes de la hanche sont de plus en plus fr\u00e9quents. Les sportifs en particulier sont susceptibles de subir des dommages douloureux ou une usure de l&#8217;articulation de la hanche qui, si elle n&#8217;est pas trait\u00e9e, entra\u00eenera une arthrose. La chirurgie de la hanche \u00e0 l\u2019etzelclinic aide ses patients, toujours en fonction [&hellip;]<\/p>\n","protected":false},"author":2,"featured_media":0,"parent":6579,"menu_order":13,"comment_status":"closed","ping_status":"open","template":"page-fg.php","meta":{"_acf_changed":false,"footnotes":""},"class_list":["post-6624","page","type-page","status-publish","hentry"],"acf":[],"yoast_head":"<!-- This site is optimized with the Yoast SEO plugin v27.3 - https:\/\/yoast.com\/product\/yoast-seo-wordpress\/ -->\n<title>La hanche - etzelclinic<\/title>\n<meta name=\"robots\" content=\"index, follow, max-snippet:-1, max-image-preview:large, max-video-preview:-1\" \/>\n<link rel=\"canonical\" href=\"https:\/\/www.etzelclinic.ch\/fr\/services-medicaux\/la-hanche\/\" \/>\n<meta property=\"og:locale\" content=\"fr_FR\" \/>\n<meta property=\"og:type\" content=\"article\" \/>\n<meta property=\"og:title\" content=\"La hanche - etzelclinic\" \/>\n<meta property=\"og:description\" content=\"Ces derni\u00e8res ann\u00e9es les probl\u00e8mes de la hanche sont de plus en plus fr\u00e9quents. Les sportifs en particulier sont susceptibles de subir des dommages douloureux ou une usure de l&#8217;articulation de la hanche qui, si elle n&#8217;est pas trait\u00e9e, entra\u00eenera une arthrose. La chirurgie de la hanche \u00e0 l\u2019etzelclinic aide ses patients, toujours en fonction [&hellip;]\" \/>\n<meta property=\"og:url\" content=\"https:\/\/www.etzelclinic.ch\/fr\/services-medicaux\/la-hanche\/\" \/>\n<meta property=\"og:site_name\" content=\"etzelclinic\" \/>\n<meta property=\"article:modified_time\" content=\"2023-09-29T07:59:31+00:00\" \/>\n<meta name=\"twitter:card\" content=\"summary_large_image\" \/>\n<meta name=\"twitter:label1\" content=\"Est. reading time\" \/>\n\t<meta name=\"twitter:data1\" content=\"1 minute\" \/>\n<script type=\"application\/ld+json\" class=\"yoast-schema-graph\">{\"@context\":\"https:\\\/\\\/schema.org\",\"@graph\":[{\"@type\":\"WebPage\",\"@id\":\"https:\\\/\\\/www.etzelclinic.ch\\\/fr\\\/services-medicaux\\\/la-hanche\\\/\",\"url\":\"https:\\\/\\\/www.etzelclinic.ch\\\/fr\\\/services-medicaux\\\/la-hanche\\\/\",\"name\":\"La hanche - etzelclinic\",\"isPartOf\":{\"@id\":\"https:\\\/\\\/www.etzelclinic.ch\\\/#website\"},\"datePublished\":\"2014-03-06T14:14:28+00:00\",\"dateModified\":\"2023-09-29T07:59:31+00:00\",\"breadcrumb\":{\"@id\":\"https:\\\/\\\/www.etzelclinic.ch\\\/fr\\\/services-medicaux\\\/la-hanche\\\/#breadcrumb\"},\"inLanguage\":\"fr-CH\",\"potentialAction\":[{\"@type\":\"ReadAction\",\"target\":[\"https:\\\/\\\/www.etzelclinic.ch\\\/fr\\\/services-medicaux\\\/la-hanche\\\/\"]}]},{\"@type\":\"BreadcrumbList\",\"@id\":\"https:\\\/\\\/www.etzelclinic.ch\\\/fr\\\/services-medicaux\\\/la-hanche\\\/#breadcrumb\",\"itemListElement\":[{\"@type\":\"ListItem\",\"position\":1,\"name\":\"Startseite\",\"item\":\"https:\\\/\\\/www.etzelclinic.ch\\\/fr\\\/startseite\\\/\"},{\"@type\":\"ListItem\",\"position\":2,\"name\":\"Services m\u00e9dicaux\",\"item\":\"https:\\\/\\\/www.etzelclinic.ch\\\/fr\\\/services-medicaux\\\/\"},{\"@type\":\"ListItem\",\"position\":3,\"name\":\"La hanche\"}]},{\"@type\":\"WebSite\",\"@id\":\"https:\\\/\\\/www.etzelclinic.ch\\\/#website\",\"url\":\"https:\\\/\\\/www.etzelclinic.ch\\\/\",\"name\":\"etzelclinic\",\"description\":\"Center for Minimally Invasive Surgery\",\"publisher\":{\"@id\":\"https:\\\/\\\/www.etzelclinic.ch\\\/#organization\"},\"potentialAction\":[{\"@type\":\"SearchAction\",\"target\":{\"@type\":\"EntryPoint\",\"urlTemplate\":\"https:\\\/\\\/www.etzelclinic.ch\\\/?s={search_term_string}\"},\"query-input\":{\"@type\":\"PropertyValueSpecification\",\"valueRequired\":true,\"valueName\":\"search_term_string\"}}],\"inLanguage\":\"fr-CH\"},{\"@type\":\"Organization\",\"@id\":\"https:\\\/\\\/www.etzelclinic.ch\\\/#organization\",\"name\":\"etzelclinic\",\"url\":\"https:\\\/\\\/www.etzelclinic.ch\\\/\",\"logo\":{\"@type\":\"ImageObject\",\"inLanguage\":\"fr-CH\",\"@id\":\"https:\\\/\\\/www.etzelclinic.ch\\\/#\\\/schema\\\/logo\\\/image\\\/\",\"url\":\"https:\\\/\\\/www.etzelclinic.ch\\\/wp-content\\\/uploads\\\/2023\\\/05\\\/logo.svg\",\"contentUrl\":\"https:\\\/\\\/www.etzelclinic.ch\\\/wp-content\\\/uploads\\\/2023\\\/05\\\/logo.svg\",\"width\":140,\"height\":140,\"caption\":\"etzelclinic\"},\"image\":{\"@id\":\"https:\\\/\\\/www.etzelclinic.ch\\\/#\\\/schema\\\/logo\\\/image\\\/\"}}]}<\/script>\n<!-- \/ Yoast SEO plugin. -->","yoast_head_json":{"title":"La hanche - etzelclinic","robots":{"index":"index","follow":"follow","max-snippet":"max-snippet:-1","max-image-preview":"max-image-preview:large","max-video-preview":"max-video-preview:-1"},"canonical":"https:\/\/www.etzelclinic.ch\/fr\/services-medicaux\/la-hanche\/","og_locale":"fr_FR","og_type":"article","og_title":"La hanche - etzelclinic","og_description":"Ces derni\u00e8res ann\u00e9es les probl\u00e8mes de la hanche sont de plus en plus fr\u00e9quents. Les sportifs en particulier sont susceptibles de subir des dommages douloureux ou une usure de l&#8217;articulation de la hanche qui, si elle n&#8217;est pas trait\u00e9e, entra\u00eenera une arthrose. La chirurgie de la hanche \u00e0 l\u2019etzelclinic aide ses patients, toujours en fonction [&hellip;]","og_url":"https:\/\/www.etzelclinic.ch\/fr\/services-medicaux\/la-hanche\/","og_site_name":"etzelclinic","article_modified_time":"2023-09-29T07:59:31+00:00","twitter_card":"summary_large_image","twitter_misc":{"Est. reading time":"1 minute"},"schema":{"@context":"https:\/\/schema.org","@graph":[{"@type":"WebPage","@id":"https:\/\/www.etzelclinic.ch\/fr\/services-medicaux\/la-hanche\/","url":"https:\/\/www.etzelclinic.ch\/fr\/services-medicaux\/la-hanche\/","name":"La hanche - etzelclinic","isPartOf":{"@id":"https:\/\/www.etzelclinic.ch\/#website"},"datePublished":"2014-03-06T14:14:28+00:00","dateModified":"2023-09-29T07:59:31+00:00","breadcrumb":{"@id":"https:\/\/www.etzelclinic.ch\/fr\/services-medicaux\/la-hanche\/#breadcrumb"},"inLanguage":"fr-CH","potentialAction":[{"@type":"ReadAction","target":["https:\/\/www.etzelclinic.ch\/fr\/services-medicaux\/la-hanche\/"]}]},{"@type":"BreadcrumbList","@id":"https:\/\/www.etzelclinic.ch\/fr\/services-medicaux\/la-hanche\/#breadcrumb","itemListElement":[{"@type":"ListItem","position":1,"name":"Startseite","item":"https:\/\/www.etzelclinic.ch\/fr\/startseite\/"},{"@type":"ListItem","position":2,"name":"Services m\u00e9dicaux","item":"https:\/\/www.etzelclinic.ch\/fr\/services-medicaux\/"},{"@type":"ListItem","position":3,"name":"La hanche"}]},{"@type":"WebSite","@id":"https:\/\/www.etzelclinic.ch\/#website","url":"https:\/\/www.etzelclinic.ch\/","name":"etzelclinic","description":"Center for Minimally Invasive Surgery","publisher":{"@id":"https:\/\/www.etzelclinic.ch\/#organization"},"potentialAction":[{"@type":"SearchAction","target":{"@type":"EntryPoint","urlTemplate":"https:\/\/www.etzelclinic.ch\/?s={search_term_string}"},"query-input":{"@type":"PropertyValueSpecification","valueRequired":true,"valueName":"search_term_string"}}],"inLanguage":"fr-CH"},{"@type":"Organization","@id":"https:\/\/www.etzelclinic.ch\/#organization","name":"etzelclinic","url":"https:\/\/www.etzelclinic.ch\/","logo":{"@type":"ImageObject","inLanguage":"fr-CH","@id":"https:\/\/www.etzelclinic.ch\/#\/schema\/logo\/image\/","url":"https:\/\/www.etzelclinic.ch\/wp-content\/uploads\/2023\/05\/logo.svg","contentUrl":"https:\/\/www.etzelclinic.ch\/wp-content\/uploads\/2023\/05\/logo.svg","width":140,"height":140,"caption":"etzelclinic"},"image":{"@id":"https:\/\/www.etzelclinic.ch\/#\/schema\/logo\/image\/"}}]}},"_links":{"self":[{"href":"https:\/\/www.etzelclinic.ch\/fr\/wp-json\/wp\/v2\/pages\/6624","targetHints":{"allow":["GET"]}}],"collection":[{"href":"https:\/\/www.etzelclinic.ch\/fr\/wp-json\/wp\/v2\/pages"}],"about":[{"href":"https:\/\/www.etzelclinic.ch\/fr\/wp-json\/wp\/v2\/types\/page"}],"author":[{"embeddable":true,"href":"https:\/\/www.etzelclinic.ch\/fr\/wp-json\/wp\/v2\/users\/2"}],"replies":[{"embeddable":true,"href":"https:\/\/www.etzelclinic.ch\/fr\/wp-json\/wp\/v2\/comments?post=6624"}],"version-history":[{"count":3,"href":"https:\/\/www.etzelclinic.ch\/fr\/wp-json\/wp\/v2\/pages\/6624\/revisions"}],"predecessor-version":[{"id":6751,"href":"https:\/\/www.etzelclinic.ch\/fr\/wp-json\/wp\/v2\/pages\/6624\/revisions\/6751"}],"up":[{"embeddable":true,"href":"https:\/\/www.etzelclinic.ch\/fr\/wp-json\/wp\/v2\/pages\/6579"}],"wp:attachment":[{"href":"https:\/\/www.etzelclinic.ch\/fr\/wp-json\/wp\/v2\/media?parent=6624"}],"curies":[{"name":"wp","href":"https:\/\/api.w.org\/{rel}","templated":true}]}}