{"id":6625,"date":"2014-03-06T16:14:28","date_gmt":"2014-03-06T15:14:28","guid":{"rendered":"https:\/\/www.etzelclinic.ch\/?page_id=6625"},"modified":"2023-09-29T08:59:31","modified_gmt":"2023-09-29T07:59:31","slug":"le-genou","status":"publish","type":"page","link":"https:\/\/www.etzelclinic.ch\/fr\/services-medicaux\/le-genou\/","title":{"rendered":"Le genou"},"content":{"rendered":"<div>Le genou est l\u2019articulation la plus grande dans l\u2019anatomie humaine. Il fait la connexion entre la cuisse et la jambe inf\u00e9rieure et permet principalement la flexion et l\u2019extension de la jambe. Il permet \u00e9galement une l\u00e9g\u00e8re rotation de la jambe inf\u00e9rieure par rapport \u00e0 la cuisse. A cause de son anatomie complexe, il est particuli\u00e8rement sensible aux blessures, \u00e0 l&#8217;usure et aux changements arthritiques. Les loisirs, mais aussi les sollicitations dues au travail peuvent provoquer des douleurs aigu\u00ebes ou chroniques. Chez les jeunes les blessures de l&#8217;appareil ligamentaire et des m\u00e9nisques pr\u00e9dominent. Les patients plus \u00e2g\u00e9s ont naturellement un nombre croissant de plaintes qui sont dues \u00e0 des changements d\u00e9g\u00e9n\u00e9ratifs avec l&#8217;usure du cartilage.\n        <\/div>\n","protected":false},"excerpt":{"rendered":"<p>Le genou est l\u2019articulation la plus grande dans l\u2019anatomie humaine. Il fait la connexion entre la cuisse et la jambe inf\u00e9rieure et permet principalement la flexion et l\u2019extension de la jambe. Il permet \u00e9galement une l\u00e9g\u00e8re rotation de la jambe inf\u00e9rieure par rapport \u00e0 la cuisse. A cause de son anatomie complexe, il est particuli\u00e8rement [&hellip;]<\/p>\n","protected":false},"author":2,"featured_media":0,"parent":6579,"menu_order":14,"comment_status":"closed","ping_status":"closed","template":"page-fg.php","meta":{"_acf_changed":false,"footnotes":""},"class_list":["post-6625","page","type-page","status-publish","hentry"],"acf":[],"yoast_head":"<!-- This site is optimized with the Yoast SEO plugin v27.3 - https:\/\/yoast.com\/product\/yoast-seo-wordpress\/ -->\n<title>Le genou - etzelclinic<\/title>\n<meta name=\"robots\" content=\"index, follow, max-snippet:-1, max-image-preview:large, max-video-preview:-1\" \/>\n<link rel=\"canonical\" href=\"https:\/\/www.etzelclinic.ch\/fr\/services-medicaux\/le-genou\/\" \/>\n<meta property=\"og:locale\" content=\"fr_FR\" \/>\n<meta property=\"og:type\" content=\"article\" \/>\n<meta property=\"og:title\" content=\"Le genou - etzelclinic\" \/>\n<meta property=\"og:description\" content=\"Le genou est l\u2019articulation la plus grande dans l\u2019anatomie humaine. Il fait la connexion entre la cuisse et la jambe inf\u00e9rieure et permet principalement la flexion et l\u2019extension de la jambe. Il permet \u00e9galement une l\u00e9g\u00e8re rotation de la jambe inf\u00e9rieure par rapport \u00e0 la cuisse. A cause de son anatomie complexe, il est particuli\u00e8rement [&hellip;]\" \/>\n<meta property=\"og:url\" content=\"https:\/\/www.etzelclinic.ch\/fr\/services-medicaux\/le-genou\/\" \/>\n<meta property=\"og:site_name\" content=\"etzelclinic\" \/>\n<meta property=\"article:modified_time\" content=\"2023-09-29T07:59:31+00:00\" \/>\n<meta name=\"twitter:card\" content=\"summary_large_image\" \/>\n<meta name=\"twitter:label1\" content=\"Est. reading time\" \/>\n\t<meta name=\"twitter:data1\" content=\"1 minute\" \/>\n<script type=\"application\/ld+json\" class=\"yoast-schema-graph\">{\"@context\":\"https:\\\/\\\/schema.org\",\"@graph\":[{\"@type\":\"WebPage\",\"@id\":\"https:\\\/\\\/www.etzelclinic.ch\\\/fr\\\/services-medicaux\\\/le-genou\\\/\",\"url\":\"https:\\\/\\\/www.etzelclinic.ch\\\/fr\\\/services-medicaux\\\/le-genou\\\/\",\"name\":\"Le genou - etzelclinic\",\"isPartOf\":{\"@id\":\"https:\\\/\\\/www.etzelclinic.ch\\\/#website\"},\"datePublished\":\"2014-03-06T15:14:28+00:00\",\"dateModified\":\"2023-09-29T07:59:31+00:00\",\"breadcrumb\":{\"@id\":\"https:\\\/\\\/www.etzelclinic.ch\\\/fr\\\/services-medicaux\\\/le-genou\\\/#breadcrumb\"},\"inLanguage\":\"fr-CH\",\"potentialAction\":[{\"@type\":\"ReadAction\",\"target\":[\"https:\\\/\\\/www.etzelclinic.ch\\\/fr\\\/services-medicaux\\\/le-genou\\\/\"]}]},{\"@type\":\"BreadcrumbList\",\"@id\":\"https:\\\/\\\/www.etzelclinic.ch\\\/fr\\\/services-medicaux\\\/le-genou\\\/#breadcrumb\",\"itemListElement\":[{\"@type\":\"ListItem\",\"position\":1,\"name\":\"Startseite\",\"item\":\"https:\\\/\\\/www.etzelclinic.ch\\\/fr\\\/startseite\\\/\"},{\"@type\":\"ListItem\",\"position\":2,\"name\":\"Services m\u00e9dicaux\",\"item\":\"https:\\\/\\\/www.etzelclinic.ch\\\/fr\\\/services-medicaux\\\/\"},{\"@type\":\"ListItem\",\"position\":3,\"name\":\"Le genou\"}]},{\"@type\":\"WebSite\",\"@id\":\"https:\\\/\\\/www.etzelclinic.ch\\\/#website\",\"url\":\"https:\\\/\\\/www.etzelclinic.ch\\\/\",\"name\":\"etzelclinic\",\"description\":\"Center for Minimally Invasive Surgery\",\"publisher\":{\"@id\":\"https:\\\/\\\/www.etzelclinic.ch\\\/#organization\"},\"potentialAction\":[{\"@type\":\"SearchAction\",\"target\":{\"@type\":\"EntryPoint\",\"urlTemplate\":\"https:\\\/\\\/www.etzelclinic.ch\\\/?s={search_term_string}\"},\"query-input\":{\"@type\":\"PropertyValueSpecification\",\"valueRequired\":true,\"valueName\":\"search_term_string\"}}],\"inLanguage\":\"fr-CH\"},{\"@type\":\"Organization\",\"@id\":\"https:\\\/\\\/www.etzelclinic.ch\\\/#organization\",\"name\":\"etzelclinic\",\"url\":\"https:\\\/\\\/www.etzelclinic.ch\\\/\",\"logo\":{\"@type\":\"ImageObject\",\"inLanguage\":\"fr-CH\",\"@id\":\"https:\\\/\\\/www.etzelclinic.ch\\\/#\\\/schema\\\/logo\\\/image\\\/\",\"url\":\"https:\\\/\\\/www.etzelclinic.ch\\\/wp-content\\\/uploads\\\/2023\\\/05\\\/logo.svg\",\"contentUrl\":\"https:\\\/\\\/www.etzelclinic.ch\\\/wp-content\\\/uploads\\\/2023\\\/05\\\/logo.svg\",\"width\":140,\"height\":140,\"caption\":\"etzelclinic\"},\"image\":{\"@id\":\"https:\\\/\\\/www.etzelclinic.ch\\\/#\\\/schema\\\/logo\\\/image\\\/\"}}]}<\/script>\n<!-- \/ Yoast SEO plugin. -->","yoast_head_json":{"title":"Le genou - etzelclinic","robots":{"index":"index","follow":"follow","max-snippet":"max-snippet:-1","max-image-preview":"max-image-preview:large","max-video-preview":"max-video-preview:-1"},"canonical":"https:\/\/www.etzelclinic.ch\/fr\/services-medicaux\/le-genou\/","og_locale":"fr_FR","og_type":"article","og_title":"Le genou - etzelclinic","og_description":"Le genou est l\u2019articulation la plus grande dans l\u2019anatomie humaine. Il fait la connexion entre la cuisse et la jambe inf\u00e9rieure et permet principalement la flexion et l\u2019extension de la jambe. Il permet \u00e9galement une l\u00e9g\u00e8re rotation de la jambe inf\u00e9rieure par rapport \u00e0 la cuisse. A cause de son anatomie complexe, il est particuli\u00e8rement [&hellip;]","og_url":"https:\/\/www.etzelclinic.ch\/fr\/services-medicaux\/le-genou\/","og_site_name":"etzelclinic","article_modified_time":"2023-09-29T07:59:31+00:00","twitter_card":"summary_large_image","twitter_misc":{"Est. reading time":"1 minute"},"schema":{"@context":"https:\/\/schema.org","@graph":[{"@type":"WebPage","@id":"https:\/\/www.etzelclinic.ch\/fr\/services-medicaux\/le-genou\/","url":"https:\/\/www.etzelclinic.ch\/fr\/services-medicaux\/le-genou\/","name":"Le genou - etzelclinic","isPartOf":{"@id":"https:\/\/www.etzelclinic.ch\/#website"},"datePublished":"2014-03-06T15:14:28+00:00","dateModified":"2023-09-29T07:59:31+00:00","breadcrumb":{"@id":"https:\/\/www.etzelclinic.ch\/fr\/services-medicaux\/le-genou\/#breadcrumb"},"inLanguage":"fr-CH","potentialAction":[{"@type":"ReadAction","target":["https:\/\/www.etzelclinic.ch\/fr\/services-medicaux\/le-genou\/"]}]},{"@type":"BreadcrumbList","@id":"https:\/\/www.etzelclinic.ch\/fr\/services-medicaux\/le-genou\/#breadcrumb","itemListElement":[{"@type":"ListItem","position":1,"name":"Startseite","item":"https:\/\/www.etzelclinic.ch\/fr\/startseite\/"},{"@type":"ListItem","position":2,"name":"Services m\u00e9dicaux","item":"https:\/\/www.etzelclinic.ch\/fr\/services-medicaux\/"},{"@type":"ListItem","position":3,"name":"Le genou"}]},{"@type":"WebSite","@id":"https:\/\/www.etzelclinic.ch\/#website","url":"https:\/\/www.etzelclinic.ch\/","name":"etzelclinic","description":"Center for Minimally Invasive Surgery","publisher":{"@id":"https:\/\/www.etzelclinic.ch\/#organization"},"potentialAction":[{"@type":"SearchAction","target":{"@type":"EntryPoint","urlTemplate":"https:\/\/www.etzelclinic.ch\/?s={search_term_string}"},"query-input":{"@type":"PropertyValueSpecification","valueRequired":true,"valueName":"search_term_string"}}],"inLanguage":"fr-CH"},{"@type":"Organization","@id":"https:\/\/www.etzelclinic.ch\/#organization","name":"etzelclinic","url":"https:\/\/www.etzelclinic.ch\/","logo":{"@type":"ImageObject","inLanguage":"fr-CH","@id":"https:\/\/www.etzelclinic.ch\/#\/schema\/logo\/image\/","url":"https:\/\/www.etzelclinic.ch\/wp-content\/uploads\/2023\/05\/logo.svg","contentUrl":"https:\/\/www.etzelclinic.ch\/wp-content\/uploads\/2023\/05\/logo.svg","width":140,"height":140,"caption":"etzelclinic"},"image":{"@id":"https:\/\/www.etzelclinic.ch\/#\/schema\/logo\/image\/"}}]}},"_links":{"self":[{"href":"https:\/\/www.etzelclinic.ch\/fr\/wp-json\/wp\/v2\/pages\/6625","targetHints":{"allow":["GET"]}}],"collection":[{"href":"https:\/\/www.etzelclinic.ch\/fr\/wp-json\/wp\/v2\/pages"}],"about":[{"href":"https:\/\/www.etzelclinic.ch\/fr\/wp-json\/wp\/v2\/types\/page"}],"author":[{"embeddable":true,"href":"https:\/\/www.etzelclinic.ch\/fr\/wp-json\/wp\/v2\/users\/2"}],"replies":[{"embeddable":true,"href":"https:\/\/www.etzelclinic.ch\/fr\/wp-json\/wp\/v2\/comments?post=6625"}],"version-history":[{"count":4,"href":"https:\/\/www.etzelclinic.ch\/fr\/wp-json\/wp\/v2\/pages\/6625\/revisions"}],"predecessor-version":[{"id":6774,"href":"https:\/\/www.etzelclinic.ch\/fr\/wp-json\/wp\/v2\/pages\/6625\/revisions\/6774"}],"up":[{"embeddable":true,"href":"https:\/\/www.etzelclinic.ch\/fr\/wp-json\/wp\/v2\/pages\/6579"}],"wp:attachment":[{"href":"https:\/\/www.etzelclinic.ch\/fr\/wp-json\/wp\/v2\/media?parent=6625"}],"curies":[{"name":"wp","href":"https:\/\/api.w.org\/{rel}","templated":true}]}}