{"id":6630,"date":"2014-03-06T16:14:28","date_gmt":"2014-03-06T14:14:28","guid":{"rendered":"https:\/\/www.etzelclinic.ch\/?page_id=6630"},"modified":"2023-09-29T08:59:28","modified_gmt":"2023-09-29T07:59:28","slug":"fuss-sprunggelenk","status":"publish","type":"page","link":"https:\/\/www.etzelclinic.ch\/fr\/services-medicaux\/fuss-sprunggelenk\/","title":{"rendered":"Le pied et l\u2019articulation de la cheville"},"content":{"rendered":"<div>La cause des douleurs et de la perte de fonctionnalit\u00e9 du pied peuvent provenir des accidents, des maladies cong\u00e9nitales ou de l\u2019usure. Ici aussi les possibilit\u00e9s du traitement chirurgical ont \u00e9t\u00e9 amelior\u00e9es consid\u00e9rablement par la recherche scientifique et le d\u00e9veloppement des nouveaux proc\u00e9d\u00e9s, comme la chirurgie \u00abSchl\u00fcsselloch\u00bb peu invasive, l&#8217;arthroscopie et l&#8217;utilisation d&#8217;implants bior\u00e9sorbables modernes, de vis sans t\u00eate et de plaques minces angulaires stables, qui sont ressentis moins comme des corps \u00e9trangers g\u00eanants. En outre, il existe des op\u00e9rations conjointes de pr\u00e9servation et de remplacement, mais aussi des op\u00e9rations conjointes de renforcement. Gr\u00e2ce \u00e0 une formation continue permanente, \u00e0 la coop\u00e9ration au sein du r\u00e9seau de chirurgie du pied et aux activit\u00e9s d&#8217;enseignement en Suisse et \u00e0 l&#8217;\u00e9tranger, l\u2019etzelclinic peut vous proposer une chirurgie du pied au plus haut niveau international.\n        <\/div>\n","protected":false},"excerpt":{"rendered":"<p>La cause des douleurs et de la perte de fonctionnalit\u00e9 du pied peuvent provenir des accidents, des maladies cong\u00e9nitales ou de l\u2019usure. Ici aussi les possibilit\u00e9s du traitement chirurgical ont \u00e9t\u00e9 amelior\u00e9es consid\u00e9rablement par la recherche scientifique et le d\u00e9veloppement des nouveaux proc\u00e9d\u00e9s, comme la chirurgie \u00abSchl\u00fcsselloch\u00bb peu invasive, l&#8217;arthroscopie et l&#8217;utilisation d&#8217;implants bior\u00e9sorbables modernes, [&hellip;]<\/p>\n","protected":false},"author":2,"featured_media":0,"parent":6579,"menu_order":9,"comment_status":"closed","ping_status":"open","template":"page-fg.php","meta":{"_acf_changed":false,"footnotes":""},"class_list":["post-6630","page","type-page","status-publish","hentry"],"acf":[],"yoast_head":"<!-- This site is optimized with the Yoast SEO plugin v27.3 - https:\/\/yoast.com\/product\/yoast-seo-wordpress\/ -->\n<title>Le pied et l\u2019articulation de la cheville - etzelclinic<\/title>\n<meta name=\"robots\" content=\"index, follow, max-snippet:-1, max-image-preview:large, max-video-preview:-1\" \/>\n<link rel=\"canonical\" href=\"https:\/\/www.etzelclinic.ch\/fr\/services-medicaux\/fuss-sprunggelenk\/\" \/>\n<meta property=\"og:locale\" content=\"fr_FR\" \/>\n<meta property=\"og:type\" content=\"article\" \/>\n<meta property=\"og:title\" content=\"Le pied et l\u2019articulation de la cheville - etzelclinic\" \/>\n<meta property=\"og:description\" content=\"La cause des douleurs et de la perte de fonctionnalit\u00e9 du pied peuvent provenir des accidents, des maladies cong\u00e9nitales ou de l\u2019usure. Ici aussi les possibilit\u00e9s du traitement chirurgical ont \u00e9t\u00e9 amelior\u00e9es consid\u00e9rablement par la recherche scientifique et le d\u00e9veloppement des nouveaux proc\u00e9d\u00e9s, comme la chirurgie \u00abSchl\u00fcsselloch\u00bb peu invasive, l&#8217;arthroscopie et l&#8217;utilisation d&#8217;implants bior\u00e9sorbables modernes, [&hellip;]\" \/>\n<meta property=\"og:url\" content=\"https:\/\/www.etzelclinic.ch\/fr\/services-medicaux\/fuss-sprunggelenk\/\" \/>\n<meta property=\"og:site_name\" content=\"etzelclinic\" \/>\n<meta property=\"article:modified_time\" content=\"2023-09-29T07:59:28+00:00\" \/>\n<meta name=\"twitter:card\" content=\"summary_large_image\" \/>\n<meta name=\"twitter:label1\" content=\"Est. reading time\" \/>\n\t<meta name=\"twitter:data1\" content=\"1 minute\" \/>\n<script type=\"application\/ld+json\" class=\"yoast-schema-graph\">{\"@context\":\"https:\\\/\\\/schema.org\",\"@graph\":[{\"@type\":\"WebPage\",\"@id\":\"https:\\\/\\\/www.etzelclinic.ch\\\/fr\\\/services-medicaux\\\/fuss-sprunggelenk\\\/\",\"url\":\"https:\\\/\\\/www.etzelclinic.ch\\\/fr\\\/services-medicaux\\\/fuss-sprunggelenk\\\/\",\"name\":\"Le pied et l\u2019articulation de la cheville - etzelclinic\",\"isPartOf\":{\"@id\":\"https:\\\/\\\/www.etzelclinic.ch\\\/#website\"},\"datePublished\":\"2014-03-06T14:14:28+00:00\",\"dateModified\":\"2023-09-29T07:59:28+00:00\",\"breadcrumb\":{\"@id\":\"https:\\\/\\\/www.etzelclinic.ch\\\/fr\\\/services-medicaux\\\/fuss-sprunggelenk\\\/#breadcrumb\"},\"inLanguage\":\"fr-CH\",\"potentialAction\":[{\"@type\":\"ReadAction\",\"target\":[\"https:\\\/\\\/www.etzelclinic.ch\\\/fr\\\/services-medicaux\\\/fuss-sprunggelenk\\\/\"]}]},{\"@type\":\"BreadcrumbList\",\"@id\":\"https:\\\/\\\/www.etzelclinic.ch\\\/fr\\\/services-medicaux\\\/fuss-sprunggelenk\\\/#breadcrumb\",\"itemListElement\":[{\"@type\":\"ListItem\",\"position\":1,\"name\":\"Startseite\",\"item\":\"https:\\\/\\\/www.etzelclinic.ch\\\/fr\\\/startseite\\\/\"},{\"@type\":\"ListItem\",\"position\":2,\"name\":\"Services m\u00e9dicaux\",\"item\":\"https:\\\/\\\/www.etzelclinic.ch\\\/fr\\\/services-medicaux\\\/\"},{\"@type\":\"ListItem\",\"position\":3,\"name\":\"Le pied et l\u2019articulation de la cheville\"}]},{\"@type\":\"WebSite\",\"@id\":\"https:\\\/\\\/www.etzelclinic.ch\\\/#website\",\"url\":\"https:\\\/\\\/www.etzelclinic.ch\\\/\",\"name\":\"etzelclinic\",\"description\":\"Center for Minimally Invasive Surgery\",\"publisher\":{\"@id\":\"https:\\\/\\\/www.etzelclinic.ch\\\/#organization\"},\"potentialAction\":[{\"@type\":\"SearchAction\",\"target\":{\"@type\":\"EntryPoint\",\"urlTemplate\":\"https:\\\/\\\/www.etzelclinic.ch\\\/?s={search_term_string}\"},\"query-input\":{\"@type\":\"PropertyValueSpecification\",\"valueRequired\":true,\"valueName\":\"search_term_string\"}}],\"inLanguage\":\"fr-CH\"},{\"@type\":\"Organization\",\"@id\":\"https:\\\/\\\/www.etzelclinic.ch\\\/#organization\",\"name\":\"etzelclinic\",\"url\":\"https:\\\/\\\/www.etzelclinic.ch\\\/\",\"logo\":{\"@type\":\"ImageObject\",\"inLanguage\":\"fr-CH\",\"@id\":\"https:\\\/\\\/www.etzelclinic.ch\\\/#\\\/schema\\\/logo\\\/image\\\/\",\"url\":\"https:\\\/\\\/www.etzelclinic.ch\\\/wp-content\\\/uploads\\\/2023\\\/05\\\/logo.svg\",\"contentUrl\":\"https:\\\/\\\/www.etzelclinic.ch\\\/wp-content\\\/uploads\\\/2023\\\/05\\\/logo.svg\",\"width\":140,\"height\":140,\"caption\":\"etzelclinic\"},\"image\":{\"@id\":\"https:\\\/\\\/www.etzelclinic.ch\\\/#\\\/schema\\\/logo\\\/image\\\/\"}}]}<\/script>\n<!-- \/ Yoast SEO plugin. -->","yoast_head_json":{"title":"Le pied et l\u2019articulation de la cheville - etzelclinic","robots":{"index":"index","follow":"follow","max-snippet":"max-snippet:-1","max-image-preview":"max-image-preview:large","max-video-preview":"max-video-preview:-1"},"canonical":"https:\/\/www.etzelclinic.ch\/fr\/services-medicaux\/fuss-sprunggelenk\/","og_locale":"fr_FR","og_type":"article","og_title":"Le pied et l\u2019articulation de la cheville - etzelclinic","og_description":"La cause des douleurs et de la perte de fonctionnalit\u00e9 du pied peuvent provenir des accidents, des maladies cong\u00e9nitales ou de l\u2019usure. Ici aussi les possibilit\u00e9s du traitement chirurgical ont \u00e9t\u00e9 amelior\u00e9es consid\u00e9rablement par la recherche scientifique et le d\u00e9veloppement des nouveaux proc\u00e9d\u00e9s, comme la chirurgie \u00abSchl\u00fcsselloch\u00bb peu invasive, l&#8217;arthroscopie et l&#8217;utilisation d&#8217;implants bior\u00e9sorbables modernes, [&hellip;]","og_url":"https:\/\/www.etzelclinic.ch\/fr\/services-medicaux\/fuss-sprunggelenk\/","og_site_name":"etzelclinic","article_modified_time":"2023-09-29T07:59:28+00:00","twitter_card":"summary_large_image","twitter_misc":{"Est. reading time":"1 minute"},"schema":{"@context":"https:\/\/schema.org","@graph":[{"@type":"WebPage","@id":"https:\/\/www.etzelclinic.ch\/fr\/services-medicaux\/fuss-sprunggelenk\/","url":"https:\/\/www.etzelclinic.ch\/fr\/services-medicaux\/fuss-sprunggelenk\/","name":"Le pied et l\u2019articulation de la cheville - etzelclinic","isPartOf":{"@id":"https:\/\/www.etzelclinic.ch\/#website"},"datePublished":"2014-03-06T14:14:28+00:00","dateModified":"2023-09-29T07:59:28+00:00","breadcrumb":{"@id":"https:\/\/www.etzelclinic.ch\/fr\/services-medicaux\/fuss-sprunggelenk\/#breadcrumb"},"inLanguage":"fr-CH","potentialAction":[{"@type":"ReadAction","target":["https:\/\/www.etzelclinic.ch\/fr\/services-medicaux\/fuss-sprunggelenk\/"]}]},{"@type":"BreadcrumbList","@id":"https:\/\/www.etzelclinic.ch\/fr\/services-medicaux\/fuss-sprunggelenk\/#breadcrumb","itemListElement":[{"@type":"ListItem","position":1,"name":"Startseite","item":"https:\/\/www.etzelclinic.ch\/fr\/startseite\/"},{"@type":"ListItem","position":2,"name":"Services m\u00e9dicaux","item":"https:\/\/www.etzelclinic.ch\/fr\/services-medicaux\/"},{"@type":"ListItem","position":3,"name":"Le pied et l\u2019articulation de la cheville"}]},{"@type":"WebSite","@id":"https:\/\/www.etzelclinic.ch\/#website","url":"https:\/\/www.etzelclinic.ch\/","name":"etzelclinic","description":"Center for Minimally Invasive Surgery","publisher":{"@id":"https:\/\/www.etzelclinic.ch\/#organization"},"potentialAction":[{"@type":"SearchAction","target":{"@type":"EntryPoint","urlTemplate":"https:\/\/www.etzelclinic.ch\/?s={search_term_string}"},"query-input":{"@type":"PropertyValueSpecification","valueRequired":true,"valueName":"search_term_string"}}],"inLanguage":"fr-CH"},{"@type":"Organization","@id":"https:\/\/www.etzelclinic.ch\/#organization","name":"etzelclinic","url":"https:\/\/www.etzelclinic.ch\/","logo":{"@type":"ImageObject","inLanguage":"fr-CH","@id":"https:\/\/www.etzelclinic.ch\/#\/schema\/logo\/image\/","url":"https:\/\/www.etzelclinic.ch\/wp-content\/uploads\/2023\/05\/logo.svg","contentUrl":"https:\/\/www.etzelclinic.ch\/wp-content\/uploads\/2023\/05\/logo.svg","width":140,"height":140,"caption":"etzelclinic"},"image":{"@id":"https:\/\/www.etzelclinic.ch\/#\/schema\/logo\/image\/"}}]}},"_links":{"self":[{"href":"https:\/\/www.etzelclinic.ch\/fr\/wp-json\/wp\/v2\/pages\/6630","targetHints":{"allow":["GET"]}}],"collection":[{"href":"https:\/\/www.etzelclinic.ch\/fr\/wp-json\/wp\/v2\/pages"}],"about":[{"href":"https:\/\/www.etzelclinic.ch\/fr\/wp-json\/wp\/v2\/types\/page"}],"author":[{"embeddable":true,"href":"https:\/\/www.etzelclinic.ch\/fr\/wp-json\/wp\/v2\/users\/2"}],"replies":[{"embeddable":true,"href":"https:\/\/www.etzelclinic.ch\/fr\/wp-json\/wp\/v2\/comments?post=6630"}],"version-history":[{"count":4,"href":"https:\/\/www.etzelclinic.ch\/fr\/wp-json\/wp\/v2\/pages\/6630\/revisions"}],"predecessor-version":[{"id":6740,"href":"https:\/\/www.etzelclinic.ch\/fr\/wp-json\/wp\/v2\/pages\/6630\/revisions\/6740"}],"up":[{"embeddable":true,"href":"https:\/\/www.etzelclinic.ch\/fr\/wp-json\/wp\/v2\/pages\/6579"}],"wp:attachment":[{"href":"https:\/\/www.etzelclinic.ch\/fr\/wp-json\/wp\/v2\/media?parent=6630"}],"curies":[{"name":"wp","href":"https:\/\/api.w.org\/{rel}","templated":true}]}}