{"id":6632,"date":"2014-03-06T16:14:28","date_gmt":"2014-03-06T15:14:28","guid":{"rendered":"https:\/\/www.etzelclinic.ch\/?page_id=6632"},"modified":"2023-09-29T08:59:32","modified_gmt":"2023-09-29T07:59:32","slug":"la-radiologie","status":"publish","type":"page","link":"https:\/\/www.etzelclinic.ch\/fr\/services-medicaux\/la-radiologie\/","title":{"rendered":"La radiologie"},"content":{"rendered":"<div>La radiologie s\u2019est d\u00e9v\u00e9lopp\u00e9e rapidement au cours de ces derni\u00e8res ann\u00e9es. Non seulement par des nouveaux proc\u00e9d\u00e9s d\u2019imagerie, qui permettent aux m\u00e9decins de faire des diagnostiques beaucoup plus rapides et pr\u00e9cis, mais aussi parce qu\u2019un nombre croissant d\u2019op\u00e9rations n\u2019est plus effectu\u00e9 en chirurgie ouverte, mais mini-invasive avec un petit acc\u00e8s direct (point ou petite coupe) de l\u2019ext\u00e9rieur et sous utilisation d\u2019une technique d\u2019imagerie. Dans la radiologie de l\u2019etzelclinic nos experts offrent aux patients toutes les m\u00e9thodes de diagnostic moderrnes et mini-invasives au plus haut niveau. La radiologie de l\u2019etzelclinic est assur\u00e9e par l\u2019\u00e9quipe de m\u00e9decins de la SOZ ( Schmerz-, Rheuma- &#038; Osteoporosezentrum Pf\u00e4ffikon) de plus haute qualit\u00e9.\n        <\/div>\n","protected":false},"excerpt":{"rendered":"<p>La radiologie s\u2019est d\u00e9v\u00e9lopp\u00e9e rapidement au cours de ces derni\u00e8res ann\u00e9es. Non seulement par des nouveaux proc\u00e9d\u00e9s d\u2019imagerie, qui permettent aux m\u00e9decins de faire des diagnostiques beaucoup plus rapides et pr\u00e9cis, mais aussi parce qu\u2019un nombre croissant d\u2019op\u00e9rations n\u2019est plus effectu\u00e9 en chirurgie ouverte, mais mini-invasive avec un petit acc\u00e8s direct (point ou petite coupe) [&hellip;]<\/p>\n","protected":false},"author":2,"featured_media":0,"parent":6579,"menu_order":15,"comment_status":"closed","ping_status":"closed","template":"page-fg.php","meta":{"_acf_changed":false,"footnotes":""},"class_list":["post-6632","page","type-page","status-publish","hentry"],"acf":[],"yoast_head":"<!-- This site is optimized with the Yoast SEO plugin v27.3 - https:\/\/yoast.com\/product\/yoast-seo-wordpress\/ -->\n<title>La radiologie - etzelclinic<\/title>\n<meta name=\"robots\" content=\"index, follow, max-snippet:-1, max-image-preview:large, max-video-preview:-1\" \/>\n<link rel=\"canonical\" href=\"https:\/\/www.etzelclinic.ch\/fr\/services-medicaux\/la-radiologie\/\" \/>\n<meta property=\"og:locale\" content=\"fr_FR\" \/>\n<meta property=\"og:type\" content=\"article\" \/>\n<meta property=\"og:title\" content=\"La radiologie - etzelclinic\" \/>\n<meta property=\"og:description\" content=\"La radiologie s\u2019est d\u00e9v\u00e9lopp\u00e9e rapidement au cours de ces derni\u00e8res ann\u00e9es. Non seulement par des nouveaux proc\u00e9d\u00e9s d\u2019imagerie, qui permettent aux m\u00e9decins de faire des diagnostiques beaucoup plus rapides et pr\u00e9cis, mais aussi parce qu\u2019un nombre croissant d\u2019op\u00e9rations n\u2019est plus effectu\u00e9 en chirurgie ouverte, mais mini-invasive avec un petit acc\u00e8s direct (point ou petite coupe) [&hellip;]\" \/>\n<meta property=\"og:url\" content=\"https:\/\/www.etzelclinic.ch\/fr\/services-medicaux\/la-radiologie\/\" \/>\n<meta property=\"og:site_name\" content=\"etzelclinic\" \/>\n<meta property=\"article:modified_time\" content=\"2023-09-29T07:59:32+00:00\" \/>\n<meta name=\"twitter:card\" content=\"summary_large_image\" \/>\n<meta name=\"twitter:label1\" content=\"Est. reading time\" \/>\n\t<meta name=\"twitter:data1\" content=\"1 minute\" \/>\n<script type=\"application\/ld+json\" class=\"yoast-schema-graph\">{\"@context\":\"https:\\\/\\\/schema.org\",\"@graph\":[{\"@type\":\"WebPage\",\"@id\":\"https:\\\/\\\/www.etzelclinic.ch\\\/fr\\\/services-medicaux\\\/la-radiologie\\\/\",\"url\":\"https:\\\/\\\/www.etzelclinic.ch\\\/fr\\\/services-medicaux\\\/la-radiologie\\\/\",\"name\":\"La radiologie - etzelclinic\",\"isPartOf\":{\"@id\":\"https:\\\/\\\/www.etzelclinic.ch\\\/#website\"},\"datePublished\":\"2014-03-06T15:14:28+00:00\",\"dateModified\":\"2023-09-29T07:59:32+00:00\",\"breadcrumb\":{\"@id\":\"https:\\\/\\\/www.etzelclinic.ch\\\/fr\\\/services-medicaux\\\/la-radiologie\\\/#breadcrumb\"},\"inLanguage\":\"fr-CH\",\"potentialAction\":[{\"@type\":\"ReadAction\",\"target\":[\"https:\\\/\\\/www.etzelclinic.ch\\\/fr\\\/services-medicaux\\\/la-radiologie\\\/\"]}]},{\"@type\":\"BreadcrumbList\",\"@id\":\"https:\\\/\\\/www.etzelclinic.ch\\\/fr\\\/services-medicaux\\\/la-radiologie\\\/#breadcrumb\",\"itemListElement\":[{\"@type\":\"ListItem\",\"position\":1,\"name\":\"Startseite\",\"item\":\"https:\\\/\\\/www.etzelclinic.ch\\\/fr\\\/startseite\\\/\"},{\"@type\":\"ListItem\",\"position\":2,\"name\":\"Services m\u00e9dicaux\",\"item\":\"https:\\\/\\\/www.etzelclinic.ch\\\/fr\\\/services-medicaux\\\/\"},{\"@type\":\"ListItem\",\"position\":3,\"name\":\"La radiologie\"}]},{\"@type\":\"WebSite\",\"@id\":\"https:\\\/\\\/www.etzelclinic.ch\\\/#website\",\"url\":\"https:\\\/\\\/www.etzelclinic.ch\\\/\",\"name\":\"etzelclinic\",\"description\":\"Center for Minimally Invasive Surgery\",\"publisher\":{\"@id\":\"https:\\\/\\\/www.etzelclinic.ch\\\/#organization\"},\"potentialAction\":[{\"@type\":\"SearchAction\",\"target\":{\"@type\":\"EntryPoint\",\"urlTemplate\":\"https:\\\/\\\/www.etzelclinic.ch\\\/?s={search_term_string}\"},\"query-input\":{\"@type\":\"PropertyValueSpecification\",\"valueRequired\":true,\"valueName\":\"search_term_string\"}}],\"inLanguage\":\"fr-CH\"},{\"@type\":\"Organization\",\"@id\":\"https:\\\/\\\/www.etzelclinic.ch\\\/#organization\",\"name\":\"etzelclinic\",\"url\":\"https:\\\/\\\/www.etzelclinic.ch\\\/\",\"logo\":{\"@type\":\"ImageObject\",\"inLanguage\":\"fr-CH\",\"@id\":\"https:\\\/\\\/www.etzelclinic.ch\\\/#\\\/schema\\\/logo\\\/image\\\/\",\"url\":\"https:\\\/\\\/www.etzelclinic.ch\\\/wp-content\\\/uploads\\\/2023\\\/05\\\/logo.svg\",\"contentUrl\":\"https:\\\/\\\/www.etzelclinic.ch\\\/wp-content\\\/uploads\\\/2023\\\/05\\\/logo.svg\",\"width\":140,\"height\":140,\"caption\":\"etzelclinic\"},\"image\":{\"@id\":\"https:\\\/\\\/www.etzelclinic.ch\\\/#\\\/schema\\\/logo\\\/image\\\/\"}}]}<\/script>\n<!-- \/ Yoast SEO plugin. -->","yoast_head_json":{"title":"La radiologie - etzelclinic","robots":{"index":"index","follow":"follow","max-snippet":"max-snippet:-1","max-image-preview":"max-image-preview:large","max-video-preview":"max-video-preview:-1"},"canonical":"https:\/\/www.etzelclinic.ch\/fr\/services-medicaux\/la-radiologie\/","og_locale":"fr_FR","og_type":"article","og_title":"La radiologie - etzelclinic","og_description":"La radiologie s\u2019est d\u00e9v\u00e9lopp\u00e9e rapidement au cours de ces derni\u00e8res ann\u00e9es. Non seulement par des nouveaux proc\u00e9d\u00e9s d\u2019imagerie, qui permettent aux m\u00e9decins de faire des diagnostiques beaucoup plus rapides et pr\u00e9cis, mais aussi parce qu\u2019un nombre croissant d\u2019op\u00e9rations n\u2019est plus effectu\u00e9 en chirurgie ouverte, mais mini-invasive avec un petit acc\u00e8s direct (point ou petite coupe) [&hellip;]","og_url":"https:\/\/www.etzelclinic.ch\/fr\/services-medicaux\/la-radiologie\/","og_site_name":"etzelclinic","article_modified_time":"2023-09-29T07:59:32+00:00","twitter_card":"summary_large_image","twitter_misc":{"Est. reading time":"1 minute"},"schema":{"@context":"https:\/\/schema.org","@graph":[{"@type":"WebPage","@id":"https:\/\/www.etzelclinic.ch\/fr\/services-medicaux\/la-radiologie\/","url":"https:\/\/www.etzelclinic.ch\/fr\/services-medicaux\/la-radiologie\/","name":"La radiologie - etzelclinic","isPartOf":{"@id":"https:\/\/www.etzelclinic.ch\/#website"},"datePublished":"2014-03-06T15:14:28+00:00","dateModified":"2023-09-29T07:59:32+00:00","breadcrumb":{"@id":"https:\/\/www.etzelclinic.ch\/fr\/services-medicaux\/la-radiologie\/#breadcrumb"},"inLanguage":"fr-CH","potentialAction":[{"@type":"ReadAction","target":["https:\/\/www.etzelclinic.ch\/fr\/services-medicaux\/la-radiologie\/"]}]},{"@type":"BreadcrumbList","@id":"https:\/\/www.etzelclinic.ch\/fr\/services-medicaux\/la-radiologie\/#breadcrumb","itemListElement":[{"@type":"ListItem","position":1,"name":"Startseite","item":"https:\/\/www.etzelclinic.ch\/fr\/startseite\/"},{"@type":"ListItem","position":2,"name":"Services m\u00e9dicaux","item":"https:\/\/www.etzelclinic.ch\/fr\/services-medicaux\/"},{"@type":"ListItem","position":3,"name":"La radiologie"}]},{"@type":"WebSite","@id":"https:\/\/www.etzelclinic.ch\/#website","url":"https:\/\/www.etzelclinic.ch\/","name":"etzelclinic","description":"Center for Minimally Invasive Surgery","publisher":{"@id":"https:\/\/www.etzelclinic.ch\/#organization"},"potentialAction":[{"@type":"SearchAction","target":{"@type":"EntryPoint","urlTemplate":"https:\/\/www.etzelclinic.ch\/?s={search_term_string}"},"query-input":{"@type":"PropertyValueSpecification","valueRequired":true,"valueName":"search_term_string"}}],"inLanguage":"fr-CH"},{"@type":"Organization","@id":"https:\/\/www.etzelclinic.ch\/#organization","name":"etzelclinic","url":"https:\/\/www.etzelclinic.ch\/","logo":{"@type":"ImageObject","inLanguage":"fr-CH","@id":"https:\/\/www.etzelclinic.ch\/#\/schema\/logo\/image\/","url":"https:\/\/www.etzelclinic.ch\/wp-content\/uploads\/2023\/05\/logo.svg","contentUrl":"https:\/\/www.etzelclinic.ch\/wp-content\/uploads\/2023\/05\/logo.svg","width":140,"height":140,"caption":"etzelclinic"},"image":{"@id":"https:\/\/www.etzelclinic.ch\/#\/schema\/logo\/image\/"}}]}},"_links":{"self":[{"href":"https:\/\/www.etzelclinic.ch\/fr\/wp-json\/wp\/v2\/pages\/6632","targetHints":{"allow":["GET"]}}],"collection":[{"href":"https:\/\/www.etzelclinic.ch\/fr\/wp-json\/wp\/v2\/pages"}],"about":[{"href":"https:\/\/www.etzelclinic.ch\/fr\/wp-json\/wp\/v2\/types\/page"}],"author":[{"embeddable":true,"href":"https:\/\/www.etzelclinic.ch\/fr\/wp-json\/wp\/v2\/users\/2"}],"replies":[{"embeddable":true,"href":"https:\/\/www.etzelclinic.ch\/fr\/wp-json\/wp\/v2\/comments?post=6632"}],"version-history":[{"count":4,"href":"https:\/\/www.etzelclinic.ch\/fr\/wp-json\/wp\/v2\/pages\/6632\/revisions"}],"predecessor-version":[{"id":6756,"href":"https:\/\/www.etzelclinic.ch\/fr\/wp-json\/wp\/v2\/pages\/6632\/revisions\/6756"}],"up":[{"embeddable":true,"href":"https:\/\/www.etzelclinic.ch\/fr\/wp-json\/wp\/v2\/pages\/6579"}],"wp:attachment":[{"href":"https:\/\/www.etzelclinic.ch\/fr\/wp-json\/wp\/v2\/media?parent=6632"}],"curies":[{"name":"wp","href":"https:\/\/api.w.org\/{rel}","templated":true}]}}