{"id":6656,"date":"2020-05-29T13:41:29","date_gmt":"2020-05-29T12:41:29","guid":{"rendered":"https:\/\/www.etzelclinic.ch\/?page_id=6656"},"modified":"2022-02-15T10:38:30","modified_gmt":"2022-02-15T09:38:30","slug":"cooperations-et-associes","status":"publish","type":"page","link":"https:\/\/www.etzelclinic.ch\/fr\/cooperations-et-associes\/","title":{"rendered":"Coop\u00e9rations"},"content":{"rendered":"<div><a href=\"https:\/\/www.spital-lachen.ch\/etzelclinic.html\" target=\"_blank\" rel=\"noopener noreferrer\"><img loading=\"lazy\" decoding=\"async\" class=\"aligncenter\" src=\"\/wp-content\/themes\/etzelclinic\/images\/logo-spital-lachen.svg\" alt=\"Spital Lachen\" width=\"440\" height=\"116\" \/><\/a><\/p>\n<p><strong> La etzelclinic intensifie sa collaboration avec l\u2019h\u00f4pital de Lachen. <\/strong><\/p>\n<p><em>Selon Dr.Alex Pellegrino, membre du Conseil d\u2019Administration de etzelclinic SA et dans cette fonction responsable du marketing et de la communication, nous avons depuis longtemps cherch\u00e9 une solution pour les th\u00e9rapies op\u00e9ratives. Avec l\u2019h\u00f4pital de Lachen nous avons identifi\u00e9 un partenaire id\u00e9al pour appliquer exactement ce que nous d\u00e9sirons. <\/em><\/p>\n<p><a href=\"#readmore\" data-bs-toggle=\"collapse\" aria-expanded=\"false\" aria-controls=\"readmore\">\u00bb Lire la suite<\/a><\/p>\n<div id=\"readmore\" class=\"collapse\">La raison pour une collaboration entre la etzelclinic et l\u2019h\u00f4pital de Lachen est simple et \u00e9vidente. En effet, il dispose d\u2019un d\u00e9partement de chirurgie, d\u2019un team op\u00e9ratoire, d\u2019un service d\u2019an\u00e9sth\u00e9sie en plus de sa station de soins intensifs et de son service d\u2019urgence ouvert 24\/7.<\/div>\n<hr \/>\n<h2><strong>Autres partenaires<\/strong><\/h2>\n<p><strong>Schmerz-, Rheuma- und Osteoporosezentrum Pf\u00e4ffikon<\/strong><br \/>\n<a href=\"http:\/\/www.rheumadiagnostik.ch\" target=\"_blank\" rel=\"noopener noreferrer\">www.rheumadiagnostik.ch<\/a><\/p>\n<p><strong>Swiss Diagnostic Center, Horgen<\/strong><br \/>\n<a href=\"http:\/\/www.swiss-diagnostic-center.ch\" target=\"_blank\" rel=\"noopener noreferrer\">www.swiss-diagnostic-center.ch<\/a><\/p>\n<p><strong>Prof. Dr. med. Cl\u00e9ment Max L\u00e9onard Werner<\/strong><br \/>\n<a href=\"https:\/\/professorwerner.ch\/\">www.professorwerner.ch<\/a><\/p>\n<p><strong>Frau Dr. med. Mich\u00e8le Dutly-Guinand<\/strong><br \/>\n<a href=\"http:\/\/www.handchirurgin.ch\/\">www.handchirurgin.ch<\/a><\/p>\n<p><strong>Rheuma Rapperswil<\/strong>, Frau Dr. Med. Silke Jahr<br \/>\n<a href=\"http:\/\/www.rheuma-rapperswil.ch\" target=\"_blank\" rel=\"noopener noreferrer\">www.rheuma-rapperswil.ch<\/a><\/p>\n<p><strong>Swissbiomechanics<\/strong><br \/>\n<a href=\"http:\/\/www.swissbiomechanics.ch\" target=\"_blank\" rel=\"noopener noreferrer\">www.swissbiomechanics.ch<\/a><\/p>\n<p><strong>Venenzentrum am See<br \/>\n<\/strong>Prof. Dr. med. Markus Enzler und Dipl. med. Lisa H\u00f6gger<br \/>\n<a href=\"http:\/\/www.venenzentrum-am-see.ch\">www.venenzentrum-am-see.ch<\/a><\/p>\n<p>Dr. med. Mishal Br\u00fcgger<br \/>\n<a href=\"http:\/\/www.mbswiss.ch\/\">www.mbswiss.ch<\/a><\/p>\n<p><strong>IST AG<\/strong><br \/>\n<a href=\"https:\/\/ssi-implants.ch\/\" target=\"_blank\" rel=\"noopener noreferrer\">www.ssi-implants.ch<\/a><\/p>\n<hr \/>\n<h2><strong>Cliniques\/h\u00f4pitaux o\u00f9 op\u00e8rent nos m\u00e9decins<\/strong><\/h2>\n<p><strong>Spital Lachen<\/strong><br \/>\n<a href=\"http:\/\/www.spital-lachen.ch\" target=\"_blank\" rel=\"noopener noreferrer\">www.spital-lachen.ch<\/a><\/p>\n<p><strong>Klinik im Park<\/strong>, Z\u00fcrich<br \/>\n<a href=\"http:\/\/www.hirslanden.ch\/global\/de\/startseite\/kliniken_zentren\/klinik_im_park.html\" target=\"_blank\" rel=\"noopener noreferrer\">www.hirslanden.ch\/global\/de\/startseite\/kliniken_zentren\/klinik_im_park.html<\/a><\/p>\n<p><strong>Tagesklinik Bellaria<\/strong>, Z\u00fcrich<br \/>\n<a href=\"http:\/\/www.hirslanden.ch\/global\/de\/startseite\/kliniken_zentren\/klinik_im_park\/tagesklinik_bellaria.html\" target=\"_blank\" rel=\"noopener noreferrer\">www.hirslanden.ch\/global\/de\/startseite\/kliniken_zentren\/klinik_im_park\/tagesklinik_bellaria.html<\/a><\/p>\n<p><strong>Klinik Hirslanden<\/strong>, Z\u00fcrich<br \/>\n<a href=\"http:\/\/www.hirslanden.ch\/global\/de\/startseite\/kliniken_zentren\/klinik_hirslanden.html\" target=\"_blank\" rel=\"noopener noreferrer\">www.hirslanden.ch\/global\/de\/startseite\/kliniken_zentren\/klinik_hirslanden.html<\/a><\/p>\n<p><strong>Spital Einsiedeln<\/strong><br \/>\n<a href=\"http:\/\/www.spital-einsiedeln.ch\" target=\"_blank\" rel=\"noopener noreferrer\">www.spital-einsiedeln.ch<\/a><\/p>\n<p><strong>Operationszentrum Zumikon<\/strong><br \/>\n<a href=\"https:\/\/www.operazumikon.ch\/\" target=\"_blank\" rel=\"noopener noreferrer\">www.operazumikon.ch<\/a>\n        <\/div>\n","protected":false},"excerpt":{"rendered":"<p>La etzelclinic intensifie sa collaboration avec l\u2019h\u00f4pital de Lachen. Selon Dr.Alex Pellegrino, membre du Conseil d\u2019Administration de etzelclinic SA et dans cette fonction responsable du marketing et de la communication, nous avons depuis longtemps cherch\u00e9 une solution pour les th\u00e9rapies op\u00e9ratives. Avec l\u2019h\u00f4pital de Lachen nous avons identifi\u00e9 un partenaire id\u00e9al pour appliquer exactement ce [&hellip;]<\/p>\n","protected":false},"author":2,"featured_media":0,"parent":0,"menu_order":32,"comment_status":"closed","ping_status":"closed","template":"","meta":{"_acf_changed":false,"footnotes":""},"class_list":["post-6656","page","type-page","status-publish","hentry"],"acf":[],"yoast_head":"<!-- This site is optimized with the Yoast SEO plugin v27.3 - https:\/\/yoast.com\/product\/yoast-seo-wordpress\/ -->\n<title>Coop\u00e9rations - etzelclinic<\/title>\n<meta name=\"robots\" content=\"index, follow, max-snippet:-1, max-image-preview:large, max-video-preview:-1\" \/>\n<link rel=\"canonical\" href=\"https:\/\/www.etzelclinic.ch\/fr\/cooperations-et-associes\/\" \/>\n<meta property=\"og:locale\" content=\"fr_FR\" \/>\n<meta property=\"og:type\" content=\"article\" \/>\n<meta property=\"og:title\" content=\"Coop\u00e9rations - etzelclinic\" \/>\n<meta property=\"og:description\" content=\"La etzelclinic intensifie sa collaboration avec l\u2019h\u00f4pital de Lachen. Selon Dr.Alex Pellegrino, membre du Conseil d\u2019Administration de etzelclinic SA et dans cette fonction responsable du marketing et de la communication, nous avons depuis longtemps cherch\u00e9 une solution pour les th\u00e9rapies op\u00e9ratives. Avec l\u2019h\u00f4pital de Lachen nous avons identifi\u00e9 un partenaire id\u00e9al pour appliquer exactement ce [&hellip;]\" \/>\n<meta property=\"og:url\" content=\"https:\/\/www.etzelclinic.ch\/fr\/cooperations-et-associes\/\" \/>\n<meta property=\"og:site_name\" content=\"etzelclinic\" \/>\n<meta property=\"article:modified_time\" content=\"2022-02-15T09:38:30+00:00\" \/>\n<meta name=\"twitter:card\" content=\"summary_large_image\" \/>\n<meta name=\"twitter:label1\" content=\"Est. reading time\" \/>\n\t<meta name=\"twitter:data1\" content=\"1 minute\" \/>\n<script type=\"application\/ld+json\" class=\"yoast-schema-graph\">{\"@context\":\"https:\\\/\\\/schema.org\",\"@graph\":[{\"@type\":\"WebPage\",\"@id\":\"https:\\\/\\\/www.etzelclinic.ch\\\/fr\\\/cooperations-et-associes\\\/\",\"url\":\"https:\\\/\\\/www.etzelclinic.ch\\\/fr\\\/cooperations-et-associes\\\/\",\"name\":\"Coop\u00e9rations - etzelclinic\",\"isPartOf\":{\"@id\":\"https:\\\/\\\/www.etzelclinic.ch\\\/#website\"},\"datePublished\":\"2020-05-29T12:41:29+00:00\",\"dateModified\":\"2022-02-15T09:38:30+00:00\",\"breadcrumb\":{\"@id\":\"https:\\\/\\\/www.etzelclinic.ch\\\/fr\\\/cooperations-et-associes\\\/#breadcrumb\"},\"inLanguage\":\"fr-CH\",\"potentialAction\":[{\"@type\":\"ReadAction\",\"target\":[\"https:\\\/\\\/www.etzelclinic.ch\\\/fr\\\/cooperations-et-associes\\\/\"]}]},{\"@type\":\"BreadcrumbList\",\"@id\":\"https:\\\/\\\/www.etzelclinic.ch\\\/fr\\\/cooperations-et-associes\\\/#breadcrumb\",\"itemListElement\":[{\"@type\":\"ListItem\",\"position\":1,\"name\":\"Startseite\",\"item\":\"https:\\\/\\\/www.etzelclinic.ch\\\/fr\\\/startseite\\\/\"},{\"@type\":\"ListItem\",\"position\":2,\"name\":\"Coop\u00e9rations\"}]},{\"@type\":\"WebSite\",\"@id\":\"https:\\\/\\\/www.etzelclinic.ch\\\/#website\",\"url\":\"https:\\\/\\\/www.etzelclinic.ch\\\/\",\"name\":\"etzelclinic\",\"description\":\"Center for Minimally Invasive Surgery\",\"publisher\":{\"@id\":\"https:\\\/\\\/www.etzelclinic.ch\\\/#organization\"},\"potentialAction\":[{\"@type\":\"SearchAction\",\"target\":{\"@type\":\"EntryPoint\",\"urlTemplate\":\"https:\\\/\\\/www.etzelclinic.ch\\\/?s={search_term_string}\"},\"query-input\":{\"@type\":\"PropertyValueSpecification\",\"valueRequired\":true,\"valueName\":\"search_term_string\"}}],\"inLanguage\":\"fr-CH\"},{\"@type\":\"Organization\",\"@id\":\"https:\\\/\\\/www.etzelclinic.ch\\\/#organization\",\"name\":\"etzelclinic\",\"url\":\"https:\\\/\\\/www.etzelclinic.ch\\\/\",\"logo\":{\"@type\":\"ImageObject\",\"inLanguage\":\"fr-CH\",\"@id\":\"https:\\\/\\\/www.etzelclinic.ch\\\/#\\\/schema\\\/logo\\\/image\\\/\",\"url\":\"https:\\\/\\\/www.etzelclinic.ch\\\/wp-content\\\/uploads\\\/2023\\\/05\\\/logo.svg\",\"contentUrl\":\"https:\\\/\\\/www.etzelclinic.ch\\\/wp-content\\\/uploads\\\/2023\\\/05\\\/logo.svg\",\"width\":140,\"height\":140,\"caption\":\"etzelclinic\"},\"image\":{\"@id\":\"https:\\\/\\\/www.etzelclinic.ch\\\/#\\\/schema\\\/logo\\\/image\\\/\"}}]}<\/script>\n<!-- \/ Yoast SEO plugin. -->","yoast_head_json":{"title":"Coop\u00e9rations - etzelclinic","robots":{"index":"index","follow":"follow","max-snippet":"max-snippet:-1","max-image-preview":"max-image-preview:large","max-video-preview":"max-video-preview:-1"},"canonical":"https:\/\/www.etzelclinic.ch\/fr\/cooperations-et-associes\/","og_locale":"fr_FR","og_type":"article","og_title":"Coop\u00e9rations - etzelclinic","og_description":"La etzelclinic intensifie sa collaboration avec l\u2019h\u00f4pital de Lachen. Selon Dr.Alex Pellegrino, membre du Conseil d\u2019Administration de etzelclinic SA et dans cette fonction responsable du marketing et de la communication, nous avons depuis longtemps cherch\u00e9 une solution pour les th\u00e9rapies op\u00e9ratives. Avec l\u2019h\u00f4pital de Lachen nous avons identifi\u00e9 un partenaire id\u00e9al pour appliquer exactement ce [&hellip;]","og_url":"https:\/\/www.etzelclinic.ch\/fr\/cooperations-et-associes\/","og_site_name":"etzelclinic","article_modified_time":"2022-02-15T09:38:30+00:00","twitter_card":"summary_large_image","twitter_misc":{"Est. reading time":"1 minute"},"schema":{"@context":"https:\/\/schema.org","@graph":[{"@type":"WebPage","@id":"https:\/\/www.etzelclinic.ch\/fr\/cooperations-et-associes\/","url":"https:\/\/www.etzelclinic.ch\/fr\/cooperations-et-associes\/","name":"Coop\u00e9rations - etzelclinic","isPartOf":{"@id":"https:\/\/www.etzelclinic.ch\/#website"},"datePublished":"2020-05-29T12:41:29+00:00","dateModified":"2022-02-15T09:38:30+00:00","breadcrumb":{"@id":"https:\/\/www.etzelclinic.ch\/fr\/cooperations-et-associes\/#breadcrumb"},"inLanguage":"fr-CH","potentialAction":[{"@type":"ReadAction","target":["https:\/\/www.etzelclinic.ch\/fr\/cooperations-et-associes\/"]}]},{"@type":"BreadcrumbList","@id":"https:\/\/www.etzelclinic.ch\/fr\/cooperations-et-associes\/#breadcrumb","itemListElement":[{"@type":"ListItem","position":1,"name":"Startseite","item":"https:\/\/www.etzelclinic.ch\/fr\/startseite\/"},{"@type":"ListItem","position":2,"name":"Coop\u00e9rations"}]},{"@type":"WebSite","@id":"https:\/\/www.etzelclinic.ch\/#website","url":"https:\/\/www.etzelclinic.ch\/","name":"etzelclinic","description":"Center for Minimally Invasive Surgery","publisher":{"@id":"https:\/\/www.etzelclinic.ch\/#organization"},"potentialAction":[{"@type":"SearchAction","target":{"@type":"EntryPoint","urlTemplate":"https:\/\/www.etzelclinic.ch\/?s={search_term_string}"},"query-input":{"@type":"PropertyValueSpecification","valueRequired":true,"valueName":"search_term_string"}}],"inLanguage":"fr-CH"},{"@type":"Organization","@id":"https:\/\/www.etzelclinic.ch\/#organization","name":"etzelclinic","url":"https:\/\/www.etzelclinic.ch\/","logo":{"@type":"ImageObject","inLanguage":"fr-CH","@id":"https:\/\/www.etzelclinic.ch\/#\/schema\/logo\/image\/","url":"https:\/\/www.etzelclinic.ch\/wp-content\/uploads\/2023\/05\/logo.svg","contentUrl":"https:\/\/www.etzelclinic.ch\/wp-content\/uploads\/2023\/05\/logo.svg","width":140,"height":140,"caption":"etzelclinic"},"image":{"@id":"https:\/\/www.etzelclinic.ch\/#\/schema\/logo\/image\/"}}]}},"_links":{"self":[{"href":"https:\/\/www.etzelclinic.ch\/fr\/wp-json\/wp\/v2\/pages\/6656","targetHints":{"allow":["GET"]}}],"collection":[{"href":"https:\/\/www.etzelclinic.ch\/fr\/wp-json\/wp\/v2\/pages"}],"about":[{"href":"https:\/\/www.etzelclinic.ch\/fr\/wp-json\/wp\/v2\/types\/page"}],"author":[{"embeddable":true,"href":"https:\/\/www.etzelclinic.ch\/fr\/wp-json\/wp\/v2\/users\/2"}],"replies":[{"embeddable":true,"href":"https:\/\/www.etzelclinic.ch\/fr\/wp-json\/wp\/v2\/comments?post=6656"}],"version-history":[{"count":10,"href":"https:\/\/www.etzelclinic.ch\/fr\/wp-json\/wp\/v2\/pages\/6656\/revisions"}],"predecessor-version":[{"id":7310,"href":"https:\/\/www.etzelclinic.ch\/fr\/wp-json\/wp\/v2\/pages\/6656\/revisions\/7310"}],"wp:attachment":[{"href":"https:\/\/www.etzelclinic.ch\/fr\/wp-json\/wp\/v2\/media?parent=6656"}],"curies":[{"name":"wp","href":"https:\/\/api.w.org\/{rel}","templated":true}]}}