{"id":7263,"date":"2021-10-19T19:59:07","date_gmt":"2021-10-19T18:59:07","guid":{"rendered":"https:\/\/www.etzelclinic.ch\/?page_id=7263"},"modified":"2023-09-29T08:59:27","modified_gmt":"2023-09-29T07:59:27","slug":"colonne-vertebrale","status":"publish","type":"page","link":"https:\/\/www.etzelclinic.ch\/fr\/services-medicaux\/colonne-vertebrale\/","title":{"rendered":"Colonne vert\u00e9brale"},"content":{"rendered":"<div data-sal=\"slide-up\" data-sal-easing=\"ease-in-out\" data-sal-delay=\"200\">\n<p>Les probl\u00e8mes au niveau de la colonne vert\u00e9brale et du bassin concernent presque tout le monde au cours de la vie et sont souvent \u00e0 l\u2019origine de douleurs chroniques.<\/p>\n<\/div>\n\n<div data-sal=\"slide-up\" data-sal-easing=\"ease-in-out\" data-sal-delay=\"200\">\n<p>La sp\u00e9cialit\u00e9 de la colonne vert\u00e9brale comprend \u00e9galement le bassin et les articulations iliosacr\u00e9es (articulation dans le fessier, entre le sacrum et le bassin).&nbsp;<\/p>\n<\/div>\n\n<div data-sal=\"slide-up\" data-sal-easing=\"ease-in-out\" data-sal-delay=\"200\">\n<p>Les fractures li\u00e9es \u00e0 l\u2019ost\u00e9oporose au niveau des corps vert\u00e9braux ou du bassin sont de plus en plus fr\u00e9quentes \u00e0 un \u00e2ge avanc\u00e9.&nbsp; Des interventions mini-invasives peuvent d\u00e9sormais aider \u00e0 stabiliser ces fractures. Lors d\u2019une kyphoplastie, on utilise des ballons pour redresser le corps vert\u00e9bral, puis on injecte du ciment osseux, ce qui permet id\u00e9alement de r\u00e9tablir la forme initiale de la colonne vert\u00e9brale. Il s\u2019agit d\u2019une prophylaxie importante permettant de pr\u00e9venir de nouvelles fractures. La douleur s\u00e9v\u00e8re, en tant qu\u2019effet secondaire positif, est \u00e9galement r\u00e9duite de mani\u00e8re significative. Les fractures de l\u2019anneau pelvien peuvent g\u00e9n\u00e9ralement \u00eatre stabilis\u00e9es de mani\u00e8re peu invasive \u00e0 l\u2019aide de vis, ce qui permet de mobiliser rapidement les patients et de r\u00e9duire les complications li\u00e9es \u00e0 un alitement prolong\u00e9.<\/p>\n<\/div>\n\n<div data-sal=\"slide-up\" data-sal-easing=\"ease-in-out\" data-sal-delay=\"200\">\n<p>Les hernies discales ou le fait que le canal rachidien soit \u00e9troit peuvent toujours \u00eatre trait\u00e9s par d\u00e9compression chirurgicale. En cas d\u2019instabilit\u00e9, on utilise la stabilisation par implants. En cas de perte de la position verticale, la colonne vert\u00e9brale est remise en forme par un processus de redressement complexe.&nbsp;<\/p>\n<\/div>\n\n<div data-sal=\"slide-up\" data-sal-easing=\"ease-in-out\" data-sal-delay=\"200\">\n<p>De nouvelles m\u00e9thodes mini-invasives sont d\u00e9sormais disponibles pour traiter diverses maladies de la colonne vert\u00e9brale. Dans certains cas, il est \u00e9galement possible de neurotiser les fibres douloureuses par voie endoscopique (technique du trou de serrure), de sorte que les douleurs dorsales peuvent \u00eatre trait\u00e9es sans chirurgie de consolidation et sans implant. &nbsp;<\/p>\n<\/div>\n\n<div data-sal=\"slide-up\" data-sal-easing=\"ease-in-out\" data-sal-delay=\"200\">\n<p>Le traitement d\u2019intervention contre la douleur consiste principalement en des infiltrations.&nbsp;<\/p>\n<\/div>\n\n<div data-sal=\"slide-up\" data-sal-easing=\"ease-in-out\" data-sal-delay=\"200\">\n<p>Les douleurs au niveau de la zone pelvienne lat\u00e9rale post\u00e9rieure (fessier) peuvent souvent provenir de l\u2019articulation iliosacr\u00e9e. Nous proposons ici un diagnostic peu invasif, une th\u00e9rapie par infiltration et \u00e9ventuellement une stabilisation de l\u2019articulation, associ\u00e9e \u00e0 une scl\u00e9roth\u00e9rapie des fibres douloureuses.<\/p>\n<\/div>","protected":false},"excerpt":{"rendered":"<p>Les probl\u00e8mes au niveau de la colonne vert\u00e9brale et du bassin concernent presque tout le monde au cours de la vie et sont souvent \u00e0 l\u2019origine de douleurs chroniques. La sp\u00e9cialit\u00e9 de la colonne vert\u00e9brale comprend \u00e9galement le bassin et les articulations iliosacr\u00e9es (articulation dans le fessier, entre le sacrum et le bassin).&nbsp; Les fractures [&hellip;]<\/p>\n","protected":false},"author":2,"featured_media":0,"parent":6579,"menu_order":0,"comment_status":"closed","ping_status":"closed","template":"page-fg.php","meta":{"_acf_changed":false,"footnotes":""},"class_list":["post-7263","page","type-page","status-publish","hentry"],"acf":[],"yoast_head":"<!-- This site is optimized with the Yoast SEO plugin v27.3 - https:\/\/yoast.com\/product\/yoast-seo-wordpress\/ -->\n<title>Colonne vert\u00e9brale - etzelclinic<\/title>\n<meta name=\"robots\" content=\"index, follow, max-snippet:-1, max-image-preview:large, max-video-preview:-1\" \/>\n<link rel=\"canonical\" href=\"https:\/\/www.etzelclinic.ch\/fr\/services-medicaux\/colonne-vertebrale\/\" \/>\n<meta property=\"og:locale\" content=\"fr_FR\" \/>\n<meta property=\"og:type\" content=\"article\" \/>\n<meta property=\"og:title\" content=\"Colonne vert\u00e9brale - etzelclinic\" \/>\n<meta property=\"og:description\" content=\"Les probl\u00e8mes au niveau de la colonne vert\u00e9brale et du bassin concernent presque tout le monde au cours de la vie et sont souvent \u00e0 l\u2019origine de douleurs chroniques. La sp\u00e9cialit\u00e9 de la colonne vert\u00e9brale comprend \u00e9galement le bassin et les articulations iliosacr\u00e9es (articulation dans le fessier, entre le sacrum et le bassin).&nbsp; Les fractures [&hellip;]\" \/>\n<meta property=\"og:url\" content=\"https:\/\/www.etzelclinic.ch\/fr\/services-medicaux\/colonne-vertebrale\/\" \/>\n<meta property=\"og:site_name\" content=\"etzelclinic\" \/>\n<meta property=\"article:modified_time\" content=\"2023-09-29T07:59:27+00:00\" \/>\n<meta name=\"twitter:card\" content=\"summary_large_image\" \/>\n<meta name=\"twitter:label1\" content=\"Est. reading time\" \/>\n\t<meta name=\"twitter:data1\" content=\"2 minutes\" \/>\n<script type=\"application\/ld+json\" class=\"yoast-schema-graph\">{\"@context\":\"https:\\\/\\\/schema.org\",\"@graph\":[{\"@type\":\"WebPage\",\"@id\":\"https:\\\/\\\/www.etzelclinic.ch\\\/fr\\\/services-medicaux\\\/colonne-vertebrale\\\/\",\"url\":\"https:\\\/\\\/www.etzelclinic.ch\\\/fr\\\/services-medicaux\\\/colonne-vertebrale\\\/\",\"name\":\"Colonne vert\u00e9brale - etzelclinic\",\"isPartOf\":{\"@id\":\"https:\\\/\\\/www.etzelclinic.ch\\\/#website\"},\"datePublished\":\"2021-10-19T18:59:07+00:00\",\"dateModified\":\"2023-09-29T07:59:27+00:00\",\"breadcrumb\":{\"@id\":\"https:\\\/\\\/www.etzelclinic.ch\\\/fr\\\/services-medicaux\\\/colonne-vertebrale\\\/#breadcrumb\"},\"inLanguage\":\"fr-CH\",\"potentialAction\":[{\"@type\":\"ReadAction\",\"target\":[\"https:\\\/\\\/www.etzelclinic.ch\\\/fr\\\/services-medicaux\\\/colonne-vertebrale\\\/\"]}]},{\"@type\":\"BreadcrumbList\",\"@id\":\"https:\\\/\\\/www.etzelclinic.ch\\\/fr\\\/services-medicaux\\\/colonne-vertebrale\\\/#breadcrumb\",\"itemListElement\":[{\"@type\":\"ListItem\",\"position\":1,\"name\":\"Startseite\",\"item\":\"https:\\\/\\\/www.etzelclinic.ch\\\/fr\\\/startseite\\\/\"},{\"@type\":\"ListItem\",\"position\":2,\"name\":\"Services m\u00e9dicaux\",\"item\":\"https:\\\/\\\/www.etzelclinic.ch\\\/fr\\\/services-medicaux\\\/\"},{\"@type\":\"ListItem\",\"position\":3,\"name\":\"Colonne vert\u00e9brale\"}]},{\"@type\":\"WebSite\",\"@id\":\"https:\\\/\\\/www.etzelclinic.ch\\\/#website\",\"url\":\"https:\\\/\\\/www.etzelclinic.ch\\\/\",\"name\":\"etzelclinic\",\"description\":\"Center for Minimally Invasive Surgery\",\"publisher\":{\"@id\":\"https:\\\/\\\/www.etzelclinic.ch\\\/#organization\"},\"potentialAction\":[{\"@type\":\"SearchAction\",\"target\":{\"@type\":\"EntryPoint\",\"urlTemplate\":\"https:\\\/\\\/www.etzelclinic.ch\\\/?s={search_term_string}\"},\"query-input\":{\"@type\":\"PropertyValueSpecification\",\"valueRequired\":true,\"valueName\":\"search_term_string\"}}],\"inLanguage\":\"fr-CH\"},{\"@type\":\"Organization\",\"@id\":\"https:\\\/\\\/www.etzelclinic.ch\\\/#organization\",\"name\":\"etzelclinic\",\"url\":\"https:\\\/\\\/www.etzelclinic.ch\\\/\",\"logo\":{\"@type\":\"ImageObject\",\"inLanguage\":\"fr-CH\",\"@id\":\"https:\\\/\\\/www.etzelclinic.ch\\\/#\\\/schema\\\/logo\\\/image\\\/\",\"url\":\"https:\\\/\\\/www.etzelclinic.ch\\\/wp-content\\\/uploads\\\/2023\\\/05\\\/logo.svg\",\"contentUrl\":\"https:\\\/\\\/www.etzelclinic.ch\\\/wp-content\\\/uploads\\\/2023\\\/05\\\/logo.svg\",\"width\":140,\"height\":140,\"caption\":\"etzelclinic\"},\"image\":{\"@id\":\"https:\\\/\\\/www.etzelclinic.ch\\\/#\\\/schema\\\/logo\\\/image\\\/\"}}]}<\/script>\n<!-- \/ Yoast SEO plugin. -->","yoast_head_json":{"title":"Colonne vert\u00e9brale - etzelclinic","robots":{"index":"index","follow":"follow","max-snippet":"max-snippet:-1","max-image-preview":"max-image-preview:large","max-video-preview":"max-video-preview:-1"},"canonical":"https:\/\/www.etzelclinic.ch\/fr\/services-medicaux\/colonne-vertebrale\/","og_locale":"fr_FR","og_type":"article","og_title":"Colonne vert\u00e9brale - etzelclinic","og_description":"Les probl\u00e8mes au niveau de la colonne vert\u00e9brale et du bassin concernent presque tout le monde au cours de la vie et sont souvent \u00e0 l\u2019origine de douleurs chroniques. La sp\u00e9cialit\u00e9 de la colonne vert\u00e9brale comprend \u00e9galement le bassin et les articulations iliosacr\u00e9es (articulation dans le fessier, entre le sacrum et le bassin).&nbsp; Les fractures [&hellip;]","og_url":"https:\/\/www.etzelclinic.ch\/fr\/services-medicaux\/colonne-vertebrale\/","og_site_name":"etzelclinic","article_modified_time":"2023-09-29T07:59:27+00:00","twitter_card":"summary_large_image","twitter_misc":{"Est. reading time":"2 minutes"},"schema":{"@context":"https:\/\/schema.org","@graph":[{"@type":"WebPage","@id":"https:\/\/www.etzelclinic.ch\/fr\/services-medicaux\/colonne-vertebrale\/","url":"https:\/\/www.etzelclinic.ch\/fr\/services-medicaux\/colonne-vertebrale\/","name":"Colonne vert\u00e9brale - etzelclinic","isPartOf":{"@id":"https:\/\/www.etzelclinic.ch\/#website"},"datePublished":"2021-10-19T18:59:07+00:00","dateModified":"2023-09-29T07:59:27+00:00","breadcrumb":{"@id":"https:\/\/www.etzelclinic.ch\/fr\/services-medicaux\/colonne-vertebrale\/#breadcrumb"},"inLanguage":"fr-CH","potentialAction":[{"@type":"ReadAction","target":["https:\/\/www.etzelclinic.ch\/fr\/services-medicaux\/colonne-vertebrale\/"]}]},{"@type":"BreadcrumbList","@id":"https:\/\/www.etzelclinic.ch\/fr\/services-medicaux\/colonne-vertebrale\/#breadcrumb","itemListElement":[{"@type":"ListItem","position":1,"name":"Startseite","item":"https:\/\/www.etzelclinic.ch\/fr\/startseite\/"},{"@type":"ListItem","position":2,"name":"Services m\u00e9dicaux","item":"https:\/\/www.etzelclinic.ch\/fr\/services-medicaux\/"},{"@type":"ListItem","position":3,"name":"Colonne vert\u00e9brale"}]},{"@type":"WebSite","@id":"https:\/\/www.etzelclinic.ch\/#website","url":"https:\/\/www.etzelclinic.ch\/","name":"etzelclinic","description":"Center for Minimally Invasive Surgery","publisher":{"@id":"https:\/\/www.etzelclinic.ch\/#organization"},"potentialAction":[{"@type":"SearchAction","target":{"@type":"EntryPoint","urlTemplate":"https:\/\/www.etzelclinic.ch\/?s={search_term_string}"},"query-input":{"@type":"PropertyValueSpecification","valueRequired":true,"valueName":"search_term_string"}}],"inLanguage":"fr-CH"},{"@type":"Organization","@id":"https:\/\/www.etzelclinic.ch\/#organization","name":"etzelclinic","url":"https:\/\/www.etzelclinic.ch\/","logo":{"@type":"ImageObject","inLanguage":"fr-CH","@id":"https:\/\/www.etzelclinic.ch\/#\/schema\/logo\/image\/","url":"https:\/\/www.etzelclinic.ch\/wp-content\/uploads\/2023\/05\/logo.svg","contentUrl":"https:\/\/www.etzelclinic.ch\/wp-content\/uploads\/2023\/05\/logo.svg","width":140,"height":140,"caption":"etzelclinic"},"image":{"@id":"https:\/\/www.etzelclinic.ch\/#\/schema\/logo\/image\/"}}]}},"_links":{"self":[{"href":"https:\/\/www.etzelclinic.ch\/fr\/wp-json\/wp\/v2\/pages\/7263","targetHints":{"allow":["GET"]}}],"collection":[{"href":"https:\/\/www.etzelclinic.ch\/fr\/wp-json\/wp\/v2\/pages"}],"about":[{"href":"https:\/\/www.etzelclinic.ch\/fr\/wp-json\/wp\/v2\/types\/page"}],"author":[{"embeddable":true,"href":"https:\/\/www.etzelclinic.ch\/fr\/wp-json\/wp\/v2\/users\/2"}],"replies":[{"embeddable":true,"href":"https:\/\/www.etzelclinic.ch\/fr\/wp-json\/wp\/v2\/comments?post=7263"}],"version-history":[{"count":1,"href":"https:\/\/www.etzelclinic.ch\/fr\/wp-json\/wp\/v2\/pages\/7263\/revisions"}],"predecessor-version":[{"id":7264,"href":"https:\/\/www.etzelclinic.ch\/fr\/wp-json\/wp\/v2\/pages\/7263\/revisions\/7264"}],"up":[{"embeddable":true,"href":"https:\/\/www.etzelclinic.ch\/fr\/wp-json\/wp\/v2\/pages\/6579"}],"wp:attachment":[{"href":"https:\/\/www.etzelclinic.ch\/fr\/wp-json\/wp\/v2\/media?parent=7263"}],"curies":[{"name":"wp","href":"https:\/\/api.w.org\/{rel}","templated":true}]}}