{"id":6046,"date":"2017-07-11T16:48:22","date_gmt":"2017-07-11T15:48:22","guid":{"rendered":"https:\/\/www.etzelclinic.ch\/?page_id=6046\/"},"modified":"2024-01-19T17:47:59","modified_gmt":"2024-01-19T16:47:59","slug":"benvenuti-alletzelclinic","status":"publish","type":"page","link":"https:\/\/www.etzelclinic.ch\/it\/","title":{"rendered":"Benvenuti all\u2019etzelclinic."},"content":{"rendered":"<div data-sal=\"slide-up\" data-sal-easing=\"ease-in-out\" data-sal-delay=\"200\">\n<p>Benvenuti all\u2019etzelclinic. Noi siamo esperti di chirurgia articolare e saremo lieti di accoglierla nella nostra clinica. Le offriamo la massima competenza ed esperienza nel rispondere a tutte le domande su Chirurgia e Ortopedia conservativa in un&#8217;atmosfera moderna e riservata.<br>I nostri medici sono esperti di chirurgia articolare, specializzati nelle articolazioni della spalla, del ginocchio, dell&#8217;anca, del piede, della caviglia e della mano. Ci siamo specializzati sulla chirurgia mininvasiva artroscopica che mira a ripristinare la funzione delle articolazioni, nella totale assenza di dolore post-operatorio.<br>L\u2019obiettivo che ci proponiamo \u00e8 di ristabilire con le nostre capacit\u00e0 la mobilit\u00e0 fisica e di poter cos\u00ec contribuire alla qualit\u00e0 della vita dei nostri pazienti.<br>Siamo lieti di posserle essere d\u2019aiuto.<\/p>\n<\/div>\n\n<div data-sal=\"slide-up\" data-sal-easing=\"ease-in-out\" data-sal-delay=\"200\">\n<p>Il team dell&#8217;etzelclinic<\/p>\n<\/div>","protected":false},"excerpt":{"rendered":"<p>Benvenuti all\u2019etzelclinic. Noi siamo esperti di chirurgia articolare e saremo lieti di accoglierla nella nostra clinica. Le offriamo la massima competenza ed esperienza nel rispondere a tutte le domande su Chirurgia e Ortopedia conservativa in un&#8217;atmosfera moderna e riservata.I nostri medici sono esperti di chirurgia articolare, specializzati nelle articolazioni della spalla, del ginocchio, dell&#8217;anca, del [&hellip;]<\/p>\n","protected":false},"author":2,"featured_media":0,"parent":0,"menu_order":4,"comment_status":"closed","ping_status":"closed","template":"page-st.php","meta":{"_acf_changed":false,"footnotes":""},"class_list":["post-6046","page","type-page","status-publish","hentry"],"acf":[],"yoast_head":"<!-- This site is optimized with the Yoast SEO plugin v27.3 - https:\/\/yoast.com\/product\/yoast-seo-wordpress\/ -->\n<title>Benvenuti all\u2019etzelclinic. - etzelclinic<\/title>\n<meta name=\"robots\" content=\"index, follow, max-snippet:-1, max-image-preview:large, max-video-preview:-1\" \/>\n<link rel=\"canonical\" href=\"https:\/\/www.etzelclinic.ch\/it\/benvenuti-alletzelclinic\/\" \/>\n<meta property=\"og:locale\" content=\"it_IT\" \/>\n<meta property=\"og:type\" content=\"article\" \/>\n<meta property=\"og:title\" content=\"Benvenuti all\u2019etzelclinic. - etzelclinic\" \/>\n<meta property=\"og:description\" content=\"Benvenuti all\u2019etzelclinic. Noi siamo esperti di chirurgia articolare e saremo lieti di accoglierla nella nostra clinica. Le offriamo la massima competenza ed esperienza nel rispondere a tutte le domande su Chirurgia e Ortopedia conservativa in un&#8217;atmosfera moderna e riservata.I nostri medici sono esperti di chirurgia articolare, specializzati nelle articolazioni della spalla, del ginocchio, dell&#8217;anca, del [&hellip;]\" \/>\n<meta property=\"og:url\" content=\"https:\/\/www.etzelclinic.ch\/it\/benvenuti-alletzelclinic\/\" \/>\n<meta property=\"og:site_name\" content=\"etzelclinic\" \/>\n<meta property=\"article:modified_time\" content=\"2024-01-19T16:47:59+00:00\" \/>\n<meta name=\"twitter:card\" content=\"summary_large_image\" \/>\n<meta name=\"twitter:label1\" content=\"Est. reading time\" \/>\n\t<meta name=\"twitter:data1\" content=\"1 minute\" \/>\n<script type=\"application\/ld+json\" class=\"yoast-schema-graph\">{\"@context\":\"https:\\\/\\\/schema.org\",\"@graph\":[{\"@type\":\"WebPage\",\"@id\":\"https:\\\/\\\/www.etzelclinic.ch\\\/it\\\/benvenuti-alletzelclinic\\\/\",\"url\":\"https:\\\/\\\/www.etzelclinic.ch\\\/it\\\/benvenuti-alletzelclinic\\\/\",\"name\":\"Benvenuti all\u2019etzelclinic. - etzelclinic\",\"isPartOf\":{\"@id\":\"https:\\\/\\\/www.etzelclinic.ch\\\/#website\"},\"datePublished\":\"2017-07-11T15:48:22+00:00\",\"dateModified\":\"2024-01-19T16:47:59+00:00\",\"breadcrumb\":{\"@id\":\"https:\\\/\\\/www.etzelclinic.ch\\\/it\\\/benvenuti-alletzelclinic\\\/#breadcrumb\"},\"inLanguage\":\"it-CH\",\"potentialAction\":[{\"@type\":\"ReadAction\",\"target\":[\"https:\\\/\\\/www.etzelclinic.ch\\\/it\\\/benvenuti-alletzelclinic\\\/\"]}]},{\"@type\":\"BreadcrumbList\",\"@id\":\"https:\\\/\\\/www.etzelclinic.ch\\\/it\\\/benvenuti-alletzelclinic\\\/#breadcrumb\",\"itemListElement\":[{\"@type\":\"ListItem\",\"position\":1,\"name\":\"Startseite\",\"item\":\"https:\\\/\\\/www.etzelclinic.ch\\\/it\\\/benvenuti-alletzelclinic\\\/\"},{\"@type\":\"ListItem\",\"position\":2,\"name\":\"Benvenuti all\u2019etzelclinic.\"}]},{\"@type\":\"WebSite\",\"@id\":\"https:\\\/\\\/www.etzelclinic.ch\\\/#website\",\"url\":\"https:\\\/\\\/www.etzelclinic.ch\\\/\",\"name\":\"etzelclinic\",\"description\":\"Center for Minimally Invasive Surgery\",\"publisher\":{\"@id\":\"https:\\\/\\\/www.etzelclinic.ch\\\/#organization\"},\"potentialAction\":[{\"@type\":\"SearchAction\",\"target\":{\"@type\":\"EntryPoint\",\"urlTemplate\":\"https:\\\/\\\/www.etzelclinic.ch\\\/?s={search_term_string}\"},\"query-input\":{\"@type\":\"PropertyValueSpecification\",\"valueRequired\":true,\"valueName\":\"search_term_string\"}}],\"inLanguage\":\"it-CH\"},{\"@type\":\"Organization\",\"@id\":\"https:\\\/\\\/www.etzelclinic.ch\\\/#organization\",\"name\":\"etzelclinic\",\"url\":\"https:\\\/\\\/www.etzelclinic.ch\\\/\",\"logo\":{\"@type\":\"ImageObject\",\"inLanguage\":\"it-CH\",\"@id\":\"https:\\\/\\\/www.etzelclinic.ch\\\/#\\\/schema\\\/logo\\\/image\\\/\",\"url\":\"https:\\\/\\\/www.etzelclinic.ch\\\/wp-content\\\/uploads\\\/2023\\\/05\\\/logo.svg\",\"contentUrl\":\"https:\\\/\\\/www.etzelclinic.ch\\\/wp-content\\\/uploads\\\/2023\\\/05\\\/logo.svg\",\"width\":140,\"height\":140,\"caption\":\"etzelclinic\"},\"image\":{\"@id\":\"https:\\\/\\\/www.etzelclinic.ch\\\/#\\\/schema\\\/logo\\\/image\\\/\"}}]}<\/script>\n<!-- \/ Yoast SEO plugin. -->","yoast_head_json":{"title":"Benvenuti all\u2019etzelclinic. - etzelclinic","robots":{"index":"index","follow":"follow","max-snippet":"max-snippet:-1","max-image-preview":"max-image-preview:large","max-video-preview":"max-video-preview:-1"},"canonical":"https:\/\/www.etzelclinic.ch\/it\/benvenuti-alletzelclinic\/","og_locale":"it_IT","og_type":"article","og_title":"Benvenuti all\u2019etzelclinic. - etzelclinic","og_description":"Benvenuti all\u2019etzelclinic. Noi siamo esperti di chirurgia articolare e saremo lieti di accoglierla nella nostra clinica. Le offriamo la massima competenza ed esperienza nel rispondere a tutte le domande su Chirurgia e Ortopedia conservativa in un&#8217;atmosfera moderna e riservata.I nostri medici sono esperti di chirurgia articolare, specializzati nelle articolazioni della spalla, del ginocchio, dell&#8217;anca, del [&hellip;]","og_url":"https:\/\/www.etzelclinic.ch\/it\/benvenuti-alletzelclinic\/","og_site_name":"etzelclinic","article_modified_time":"2024-01-19T16:47:59+00:00","twitter_card":"summary_large_image","twitter_misc":{"Est. reading time":"1 minute"},"schema":{"@context":"https:\/\/schema.org","@graph":[{"@type":"WebPage","@id":"https:\/\/www.etzelclinic.ch\/it\/benvenuti-alletzelclinic\/","url":"https:\/\/www.etzelclinic.ch\/it\/benvenuti-alletzelclinic\/","name":"Benvenuti all\u2019etzelclinic. - etzelclinic","isPartOf":{"@id":"https:\/\/www.etzelclinic.ch\/#website"},"datePublished":"2017-07-11T15:48:22+00:00","dateModified":"2024-01-19T16:47:59+00:00","breadcrumb":{"@id":"https:\/\/www.etzelclinic.ch\/it\/benvenuti-alletzelclinic\/#breadcrumb"},"inLanguage":"it-CH","potentialAction":[{"@type":"ReadAction","target":["https:\/\/www.etzelclinic.ch\/it\/benvenuti-alletzelclinic\/"]}]},{"@type":"BreadcrumbList","@id":"https:\/\/www.etzelclinic.ch\/it\/benvenuti-alletzelclinic\/#breadcrumb","itemListElement":[{"@type":"ListItem","position":1,"name":"Startseite","item":"https:\/\/www.etzelclinic.ch\/it\/benvenuti-alletzelclinic\/"},{"@type":"ListItem","position":2,"name":"Benvenuti all\u2019etzelclinic."}]},{"@type":"WebSite","@id":"https:\/\/www.etzelclinic.ch\/#website","url":"https:\/\/www.etzelclinic.ch\/","name":"etzelclinic","description":"Center for Minimally Invasive Surgery","publisher":{"@id":"https:\/\/www.etzelclinic.ch\/#organization"},"potentialAction":[{"@type":"SearchAction","target":{"@type":"EntryPoint","urlTemplate":"https:\/\/www.etzelclinic.ch\/?s={search_term_string}"},"query-input":{"@type":"PropertyValueSpecification","valueRequired":true,"valueName":"search_term_string"}}],"inLanguage":"it-CH"},{"@type":"Organization","@id":"https:\/\/www.etzelclinic.ch\/#organization","name":"etzelclinic","url":"https:\/\/www.etzelclinic.ch\/","logo":{"@type":"ImageObject","inLanguage":"it-CH","@id":"https:\/\/www.etzelclinic.ch\/#\/schema\/logo\/image\/","url":"https:\/\/www.etzelclinic.ch\/wp-content\/uploads\/2023\/05\/logo.svg","contentUrl":"https:\/\/www.etzelclinic.ch\/wp-content\/uploads\/2023\/05\/logo.svg","width":140,"height":140,"caption":"etzelclinic"},"image":{"@id":"https:\/\/www.etzelclinic.ch\/#\/schema\/logo\/image\/"}}]}},"_links":{"self":[{"href":"https:\/\/www.etzelclinic.ch\/it\/wp-json\/wp\/v2\/pages\/6046","targetHints":{"allow":["GET"]}}],"collection":[{"href":"https:\/\/www.etzelclinic.ch\/it\/wp-json\/wp\/v2\/pages"}],"about":[{"href":"https:\/\/www.etzelclinic.ch\/it\/wp-json\/wp\/v2\/types\/page"}],"author":[{"embeddable":true,"href":"https:\/\/www.etzelclinic.ch\/it\/wp-json\/wp\/v2\/users\/2"}],"replies":[{"embeddable":true,"href":"https:\/\/www.etzelclinic.ch\/it\/wp-json\/wp\/v2\/comments?post=6046"}],"version-history":[{"count":4,"href":"https:\/\/www.etzelclinic.ch\/it\/wp-json\/wp\/v2\/pages\/6046\/revisions"}],"predecessor-version":[{"id":7783,"href":"https:\/\/www.etzelclinic.ch\/it\/wp-json\/wp\/v2\/pages\/6046\/revisions\/7783"}],"wp:attachment":[{"href":"https:\/\/www.etzelclinic.ch\/it\/wp-json\/wp\/v2\/media?parent=6046"}],"curies":[{"name":"wp","href":"https:\/\/api.w.org\/{rel}","templated":true}]}}