{"id":6056,"date":"2017-07-11T16:53:20","date_gmt":"2017-07-11T15:53:20","guid":{"rendered":"https:\/\/www.etzelclinic.ch\/?page_id=6056\/"},"modified":"2017-07-12T10:13:14","modified_gmt":"2017-07-12T09:13:14","slug":"ginocchio","status":"publish","type":"page","link":"https:\/\/www.etzelclinic.ch\/it\/prestazioni-mediche\/ginocchio\/","title":{"rendered":"Ginocchio"},"content":{"rendered":"<div>Il ginocchio \u00e8 l&#8217;articolazione pi\u00f9 grande dell&#8217;anatomia umana. \u00c8 la connessione mobile tra coscia e gamba e rende possibile la flessione e l&#8217;estensione della gamba. Inoltre permette anche leggere rotazioni della gamba rispetto alla coscia. A causa della sua anatomia complessa rischia di subire facilmente lesioni, usura o cambiamenti artritici. Le patologie acute o croniche del ginocchio sono solitamente dovute ad attivit\u00e0 fisiche o a sollecitazioni del lavoro. Nei pazienti giovani i problemi sono tendenzialmente legati a lesioni ai legamenti (spesso legamenti crociati) e al menisco. Nei pazienti anziani, invece, i problemi sono pi\u00f9 spesso dovuti a disturbi degenerativi e usura cartilaginea.\n        <\/div>\n","protected":false},"excerpt":{"rendered":"<p>Il ginocchio \u00e8 l&#8217;articolazione pi\u00f9 grande dell&#8217;anatomia umana. \u00c8 la connessione mobile tra coscia e gamba e rende possibile la flessione e l&#8217;estensione della gamba. Inoltre permette anche leggere rotazioni della gamba rispetto alla coscia. A causa della sua anatomia complessa rischia di subire facilmente lesioni, usura o cambiamenti artritici. Le patologie acute o croniche [&hellip;]<\/p>\n","protected":false},"author":2,"featured_media":0,"parent":6048,"menu_order":14,"comment_status":"closed","ping_status":"closed","template":"page-fg.php","meta":{"_acf_changed":false,"footnotes":""},"class_list":["post-6056","page","type-page","status-publish","hentry"],"acf":[],"yoast_head":"<!-- This site is optimized with the Yoast SEO plugin v27.3 - https:\/\/yoast.com\/product\/yoast-seo-wordpress\/ -->\n<title>Ginocchio - etzelclinic<\/title>\n<meta name=\"robots\" content=\"index, follow, max-snippet:-1, max-image-preview:large, max-video-preview:-1\" \/>\n<link rel=\"canonical\" href=\"https:\/\/www.etzelclinic.ch\/it\/prestazioni-mediche\/ginocchio\/\" \/>\n<meta property=\"og:locale\" content=\"it_IT\" \/>\n<meta property=\"og:type\" content=\"article\" \/>\n<meta property=\"og:title\" content=\"Ginocchio - etzelclinic\" \/>\n<meta property=\"og:description\" content=\"Il ginocchio \u00e8 l&#8217;articolazione pi\u00f9 grande dell&#8217;anatomia umana. \u00c8 la connessione mobile tra coscia e gamba e rende possibile la flessione e l&#8217;estensione della gamba. Inoltre permette anche leggere rotazioni della gamba rispetto alla coscia. A causa della sua anatomia complessa rischia di subire facilmente lesioni, usura o cambiamenti artritici. Le patologie acute o croniche [&hellip;]\" \/>\n<meta property=\"og:url\" content=\"https:\/\/www.etzelclinic.ch\/it\/prestazioni-mediche\/ginocchio\/\" \/>\n<meta property=\"og:site_name\" content=\"etzelclinic\" \/>\n<meta property=\"article:modified_time\" content=\"2017-07-12T09:13:14+00:00\" \/>\n<meta name=\"twitter:card\" content=\"summary_large_image\" \/>\n<meta name=\"twitter:label1\" content=\"Est. reading time\" \/>\n\t<meta name=\"twitter:data1\" content=\"1 minute\" \/>\n<script type=\"application\/ld+json\" class=\"yoast-schema-graph\">{\"@context\":\"https:\\\/\\\/schema.org\",\"@graph\":[{\"@type\":\"WebPage\",\"@id\":\"https:\\\/\\\/www.etzelclinic.ch\\\/it\\\/prestazioni-mediche\\\/ginocchio\\\/\",\"url\":\"https:\\\/\\\/www.etzelclinic.ch\\\/it\\\/prestazioni-mediche\\\/ginocchio\\\/\",\"name\":\"Ginocchio - etzelclinic\",\"isPartOf\":{\"@id\":\"https:\\\/\\\/www.etzelclinic.ch\\\/#website\"},\"datePublished\":\"2017-07-11T15:53:20+00:00\",\"dateModified\":\"2017-07-12T09:13:14+00:00\",\"breadcrumb\":{\"@id\":\"https:\\\/\\\/www.etzelclinic.ch\\\/it\\\/prestazioni-mediche\\\/ginocchio\\\/#breadcrumb\"},\"inLanguage\":\"it-CH\",\"potentialAction\":[{\"@type\":\"ReadAction\",\"target\":[\"https:\\\/\\\/www.etzelclinic.ch\\\/it\\\/prestazioni-mediche\\\/ginocchio\\\/\"]}]},{\"@type\":\"BreadcrumbList\",\"@id\":\"https:\\\/\\\/www.etzelclinic.ch\\\/it\\\/prestazioni-mediche\\\/ginocchio\\\/#breadcrumb\",\"itemListElement\":[{\"@type\":\"ListItem\",\"position\":1,\"name\":\"Startseite\",\"item\":\"https:\\\/\\\/www.etzelclinic.ch\\\/it\\\/benvenuti-alletzelclinic\\\/\"},{\"@type\":\"ListItem\",\"position\":2,\"name\":\"Prestazioni mediche\",\"item\":\"https:\\\/\\\/www.etzelclinic.ch\\\/it\\\/prestazioni-mediche\\\/\"},{\"@type\":\"ListItem\",\"position\":3,\"name\":\"Ginocchio\"}]},{\"@type\":\"WebSite\",\"@id\":\"https:\\\/\\\/www.etzelclinic.ch\\\/#website\",\"url\":\"https:\\\/\\\/www.etzelclinic.ch\\\/\",\"name\":\"etzelclinic\",\"description\":\"Center for Minimally Invasive Surgery\",\"publisher\":{\"@id\":\"https:\\\/\\\/www.etzelclinic.ch\\\/#organization\"},\"potentialAction\":[{\"@type\":\"SearchAction\",\"target\":{\"@type\":\"EntryPoint\",\"urlTemplate\":\"https:\\\/\\\/www.etzelclinic.ch\\\/?s={search_term_string}\"},\"query-input\":{\"@type\":\"PropertyValueSpecification\",\"valueRequired\":true,\"valueName\":\"search_term_string\"}}],\"inLanguage\":\"it-CH\"},{\"@type\":\"Organization\",\"@id\":\"https:\\\/\\\/www.etzelclinic.ch\\\/#organization\",\"name\":\"etzelclinic\",\"url\":\"https:\\\/\\\/www.etzelclinic.ch\\\/\",\"logo\":{\"@type\":\"ImageObject\",\"inLanguage\":\"it-CH\",\"@id\":\"https:\\\/\\\/www.etzelclinic.ch\\\/#\\\/schema\\\/logo\\\/image\\\/\",\"url\":\"https:\\\/\\\/www.etzelclinic.ch\\\/wp-content\\\/uploads\\\/2023\\\/05\\\/logo.svg\",\"contentUrl\":\"https:\\\/\\\/www.etzelclinic.ch\\\/wp-content\\\/uploads\\\/2023\\\/05\\\/logo.svg\",\"width\":140,\"height\":140,\"caption\":\"etzelclinic\"},\"image\":{\"@id\":\"https:\\\/\\\/www.etzelclinic.ch\\\/#\\\/schema\\\/logo\\\/image\\\/\"}}]}<\/script>\n<!-- \/ Yoast SEO plugin. -->","yoast_head_json":{"title":"Ginocchio - etzelclinic","robots":{"index":"index","follow":"follow","max-snippet":"max-snippet:-1","max-image-preview":"max-image-preview:large","max-video-preview":"max-video-preview:-1"},"canonical":"https:\/\/www.etzelclinic.ch\/it\/prestazioni-mediche\/ginocchio\/","og_locale":"it_IT","og_type":"article","og_title":"Ginocchio - etzelclinic","og_description":"Il ginocchio \u00e8 l&#8217;articolazione pi\u00f9 grande dell&#8217;anatomia umana. \u00c8 la connessione mobile tra coscia e gamba e rende possibile la flessione e l&#8217;estensione della gamba. Inoltre permette anche leggere rotazioni della gamba rispetto alla coscia. A causa della sua anatomia complessa rischia di subire facilmente lesioni, usura o cambiamenti artritici. Le patologie acute o croniche [&hellip;]","og_url":"https:\/\/www.etzelclinic.ch\/it\/prestazioni-mediche\/ginocchio\/","og_site_name":"etzelclinic","article_modified_time":"2017-07-12T09:13:14+00:00","twitter_card":"summary_large_image","twitter_misc":{"Est. reading time":"1 minute"},"schema":{"@context":"https:\/\/schema.org","@graph":[{"@type":"WebPage","@id":"https:\/\/www.etzelclinic.ch\/it\/prestazioni-mediche\/ginocchio\/","url":"https:\/\/www.etzelclinic.ch\/it\/prestazioni-mediche\/ginocchio\/","name":"Ginocchio - etzelclinic","isPartOf":{"@id":"https:\/\/www.etzelclinic.ch\/#website"},"datePublished":"2017-07-11T15:53:20+00:00","dateModified":"2017-07-12T09:13:14+00:00","breadcrumb":{"@id":"https:\/\/www.etzelclinic.ch\/it\/prestazioni-mediche\/ginocchio\/#breadcrumb"},"inLanguage":"it-CH","potentialAction":[{"@type":"ReadAction","target":["https:\/\/www.etzelclinic.ch\/it\/prestazioni-mediche\/ginocchio\/"]}]},{"@type":"BreadcrumbList","@id":"https:\/\/www.etzelclinic.ch\/it\/prestazioni-mediche\/ginocchio\/#breadcrumb","itemListElement":[{"@type":"ListItem","position":1,"name":"Startseite","item":"https:\/\/www.etzelclinic.ch\/it\/benvenuti-alletzelclinic\/"},{"@type":"ListItem","position":2,"name":"Prestazioni mediche","item":"https:\/\/www.etzelclinic.ch\/it\/prestazioni-mediche\/"},{"@type":"ListItem","position":3,"name":"Ginocchio"}]},{"@type":"WebSite","@id":"https:\/\/www.etzelclinic.ch\/#website","url":"https:\/\/www.etzelclinic.ch\/","name":"etzelclinic","description":"Center for Minimally Invasive Surgery","publisher":{"@id":"https:\/\/www.etzelclinic.ch\/#organization"},"potentialAction":[{"@type":"SearchAction","target":{"@type":"EntryPoint","urlTemplate":"https:\/\/www.etzelclinic.ch\/?s={search_term_string}"},"query-input":{"@type":"PropertyValueSpecification","valueRequired":true,"valueName":"search_term_string"}}],"inLanguage":"it-CH"},{"@type":"Organization","@id":"https:\/\/www.etzelclinic.ch\/#organization","name":"etzelclinic","url":"https:\/\/www.etzelclinic.ch\/","logo":{"@type":"ImageObject","inLanguage":"it-CH","@id":"https:\/\/www.etzelclinic.ch\/#\/schema\/logo\/image\/","url":"https:\/\/www.etzelclinic.ch\/wp-content\/uploads\/2023\/05\/logo.svg","contentUrl":"https:\/\/www.etzelclinic.ch\/wp-content\/uploads\/2023\/05\/logo.svg","width":140,"height":140,"caption":"etzelclinic"},"image":{"@id":"https:\/\/www.etzelclinic.ch\/#\/schema\/logo\/image\/"}}]}},"_links":{"self":[{"href":"https:\/\/www.etzelclinic.ch\/it\/wp-json\/wp\/v2\/pages\/6056","targetHints":{"allow":["GET"]}}],"collection":[{"href":"https:\/\/www.etzelclinic.ch\/it\/wp-json\/wp\/v2\/pages"}],"about":[{"href":"https:\/\/www.etzelclinic.ch\/it\/wp-json\/wp\/v2\/types\/page"}],"author":[{"embeddable":true,"href":"https:\/\/www.etzelclinic.ch\/it\/wp-json\/wp\/v2\/users\/2"}],"replies":[{"embeddable":true,"href":"https:\/\/www.etzelclinic.ch\/it\/wp-json\/wp\/v2\/comments?post=6056"}],"version-history":[{"count":2,"href":"https:\/\/www.etzelclinic.ch\/it\/wp-json\/wp\/v2\/pages\/6056\/revisions"}],"predecessor-version":[{"id":6189,"href":"https:\/\/www.etzelclinic.ch\/it\/wp-json\/wp\/v2\/pages\/6056\/revisions\/6189"}],"up":[{"embeddable":true,"href":"https:\/\/www.etzelclinic.ch\/it\/wp-json\/wp\/v2\/pages\/6048"}],"wp:attachment":[{"href":"https:\/\/www.etzelclinic.ch\/it\/wp-json\/wp\/v2\/media?parent=6056"}],"curies":[{"name":"wp","href":"https:\/\/api.w.org\/{rel}","templated":true}]}}