{"id":6095,"date":"2017-07-11T17:16:10","date_gmt":"2017-07-11T16:16:10","guid":{"rendered":"https:\/\/www.etzelclinic.ch\/?page_id=6095\/"},"modified":"2025-05-14T16:29:36","modified_gmt":"2025-05-14T15:29:36","slug":"contatti","status":"publish","type":"page","link":"https:\/\/www.etzelclinic.ch\/it\/contatti\/","title":{"rendered":"Contatti"},"content":{"rendered":"<div data-sal=\"slide-up\" data-sal-easing=\"ease-in-out\" data-sal-delay=\"200\">\n<p>L&#8217;etzelclinic si trova in Churerstrasse 43, 8808 a Pf\u00e4ffikon (SZ), nelle immediate vicinanze della stazione di Pf\u00e4ffikon.<br>L&#8217;orario di apertura \u00e8 dal luned\u00ec al venerd\u00ec dalle ore 8.30 fino alle ore 18.00.<\/p>\n<\/div>\n\n<div data-sal=\"slide-up\" data-sal-easing=\"ease-in-out\" data-sal-delay=\"200\">\n<p>Potete raggiungerci per <strong>telefono:<\/strong><\/p>\n<\/div>\n\n<div data-sal=\"slide-up\" data-sal-easing=\"ease-in-out\" data-sal-delay=\"200\">\n<p>Dal luned\u00ec al venerd\u00ec dalle 08.30 alle 12.00 e dalle 13.00 alle 17.00.<\/p>\n<\/div>\n\n<div data-sal=\"slide-up\" data-sal-easing=\"ease-in-out\" data-sal-delay=\"200\">\n<p>Per gli appuntamenti \u00e8 possibile contattarci tramite telefono al <a href=\"tel:\/\/+41554158020\">+41 55 415 80 20<\/a>, mentre per eventuali ulteriori domande potete contattarci anche via fax al numero <a href=\"tel:\/\/+41554158029\">+41 55 415 80 29<\/a> oppure via e-Mail all\u2019indirizzo <a href=\"mailto:info@etzelclinic.ch\">info@etzelclinic.ch<\/a> (Protetto tramite HIN).<\/p>\n<\/div>\n\n<div data-sal=\"slide-up\" data-sal-easing=\"ease-in-out\" data-sal-delay=\"200\">\n<p>Oltre a prendere appuntamenti per telefono, vi offriamo anche la possibilit\u00e0 di prenotare appuntamenti online:<\/p>\n<\/div>\n\n<div data-sal=\"slide-up\" data-sal-easing=\"ease-in-out\" data-sal-delay=\"200\">\n<p><a class=\"btn btn-primary\" href=\"#\" data-bs-toggle=\"modal\" data-bs-target=\"#modal_appointment\">Data di prenotazione<\/a><\/p>\n<\/div>","protected":false},"excerpt":{"rendered":"<p>L&#8217;etzelclinic si trova in Churerstrasse 43, 8808 a Pf\u00e4ffikon (SZ), nelle immediate vicinanze della stazione di Pf\u00e4ffikon.L&#8217;orario di apertura \u00e8 dal luned\u00ec al venerd\u00ec dalle ore 8.30 fino alle ore 18.00. Potete raggiungerci per telefono: Dal luned\u00ec al venerd\u00ec dalle 08.30 alle 12.00 e dalle 13.00 alle 17.00. Per gli appuntamenti \u00e8 possibile contattarci tramite [&hellip;]<\/p>\n","protected":false},"author":2,"featured_media":0,"parent":0,"menu_order":33,"comment_status":"closed","ping_status":"closed","template":"page-ko.php","meta":{"_acf_changed":false,"footnotes":""},"class_list":["post-6095","page","type-page","status-publish","hentry"],"acf":[],"yoast_head":"<!-- This site is optimized with the Yoast SEO plugin v27.3 - https:\/\/yoast.com\/product\/yoast-seo-wordpress\/ -->\n<title>Contatti - etzelclinic<\/title>\n<meta name=\"robots\" content=\"index, follow, max-snippet:-1, max-image-preview:large, max-video-preview:-1\" \/>\n<link rel=\"canonical\" href=\"https:\/\/www.etzelclinic.ch\/it\/contatti\/\" \/>\n<meta property=\"og:locale\" content=\"it_IT\" \/>\n<meta property=\"og:type\" content=\"article\" \/>\n<meta property=\"og:title\" content=\"Contatti - etzelclinic\" \/>\n<meta property=\"og:description\" content=\"L&#8217;etzelclinic si trova in Churerstrasse 43, 8808 a Pf\u00e4ffikon (SZ), nelle immediate vicinanze della stazione di Pf\u00e4ffikon.L&#8217;orario di apertura \u00e8 dal luned\u00ec al venerd\u00ec dalle ore 8.30 fino alle ore 18.00. Potete raggiungerci per telefono: Dal luned\u00ec al venerd\u00ec dalle 08.30 alle 12.00 e dalle 13.00 alle 17.00. Per gli appuntamenti \u00e8 possibile contattarci tramite [&hellip;]\" \/>\n<meta property=\"og:url\" content=\"https:\/\/www.etzelclinic.ch\/it\/contatti\/\" \/>\n<meta property=\"og:site_name\" content=\"etzelclinic\" \/>\n<meta property=\"article:modified_time\" content=\"2025-05-14T15:29:36+00:00\" \/>\n<meta name=\"twitter:card\" content=\"summary_large_image\" \/>\n<meta name=\"twitter:label1\" content=\"Est. reading time\" \/>\n\t<meta name=\"twitter:data1\" content=\"1 minute\" \/>\n<script type=\"application\/ld+json\" class=\"yoast-schema-graph\">{\"@context\":\"https:\\\/\\\/schema.org\",\"@graph\":[{\"@type\":\"WebPage\",\"@id\":\"https:\\\/\\\/www.etzelclinic.ch\\\/it\\\/contatti\\\/\",\"url\":\"https:\\\/\\\/www.etzelclinic.ch\\\/it\\\/contatti\\\/\",\"name\":\"Contatti - etzelclinic\",\"isPartOf\":{\"@id\":\"https:\\\/\\\/www.etzelclinic.ch\\\/#website\"},\"datePublished\":\"2017-07-11T16:16:10+00:00\",\"dateModified\":\"2025-05-14T15:29:36+00:00\",\"breadcrumb\":{\"@id\":\"https:\\\/\\\/www.etzelclinic.ch\\\/it\\\/contatti\\\/#breadcrumb\"},\"inLanguage\":\"it-CH\",\"potentialAction\":[{\"@type\":\"ReadAction\",\"target\":[\"https:\\\/\\\/www.etzelclinic.ch\\\/it\\\/contatti\\\/\"]}]},{\"@type\":\"BreadcrumbList\",\"@id\":\"https:\\\/\\\/www.etzelclinic.ch\\\/it\\\/contatti\\\/#breadcrumb\",\"itemListElement\":[{\"@type\":\"ListItem\",\"position\":1,\"name\":\"Startseite\",\"item\":\"https:\\\/\\\/www.etzelclinic.ch\\\/it\\\/benvenuti-alletzelclinic\\\/\"},{\"@type\":\"ListItem\",\"position\":2,\"name\":\"Contatti\"}]},{\"@type\":\"WebSite\",\"@id\":\"https:\\\/\\\/www.etzelclinic.ch\\\/#website\",\"url\":\"https:\\\/\\\/www.etzelclinic.ch\\\/\",\"name\":\"etzelclinic\",\"description\":\"Center for Minimally Invasive Surgery\",\"publisher\":{\"@id\":\"https:\\\/\\\/www.etzelclinic.ch\\\/#organization\"},\"potentialAction\":[{\"@type\":\"SearchAction\",\"target\":{\"@type\":\"EntryPoint\",\"urlTemplate\":\"https:\\\/\\\/www.etzelclinic.ch\\\/?s={search_term_string}\"},\"query-input\":{\"@type\":\"PropertyValueSpecification\",\"valueRequired\":true,\"valueName\":\"search_term_string\"}}],\"inLanguage\":\"it-CH\"},{\"@type\":\"Organization\",\"@id\":\"https:\\\/\\\/www.etzelclinic.ch\\\/#organization\",\"name\":\"etzelclinic\",\"url\":\"https:\\\/\\\/www.etzelclinic.ch\\\/\",\"logo\":{\"@type\":\"ImageObject\",\"inLanguage\":\"it-CH\",\"@id\":\"https:\\\/\\\/www.etzelclinic.ch\\\/#\\\/schema\\\/logo\\\/image\\\/\",\"url\":\"https:\\\/\\\/www.etzelclinic.ch\\\/wp-content\\\/uploads\\\/2023\\\/05\\\/logo.svg\",\"contentUrl\":\"https:\\\/\\\/www.etzelclinic.ch\\\/wp-content\\\/uploads\\\/2023\\\/05\\\/logo.svg\",\"width\":140,\"height\":140,\"caption\":\"etzelclinic\"},\"image\":{\"@id\":\"https:\\\/\\\/www.etzelclinic.ch\\\/#\\\/schema\\\/logo\\\/image\\\/\"}}]}<\/script>\n<!-- \/ Yoast SEO plugin. -->","yoast_head_json":{"title":"Contatti - etzelclinic","robots":{"index":"index","follow":"follow","max-snippet":"max-snippet:-1","max-image-preview":"max-image-preview:large","max-video-preview":"max-video-preview:-1"},"canonical":"https:\/\/www.etzelclinic.ch\/it\/contatti\/","og_locale":"it_IT","og_type":"article","og_title":"Contatti - etzelclinic","og_description":"L&#8217;etzelclinic si trova in Churerstrasse 43, 8808 a Pf\u00e4ffikon (SZ), nelle immediate vicinanze della stazione di Pf\u00e4ffikon.L&#8217;orario di apertura \u00e8 dal luned\u00ec al venerd\u00ec dalle ore 8.30 fino alle ore 18.00. Potete raggiungerci per telefono: Dal luned\u00ec al venerd\u00ec dalle 08.30 alle 12.00 e dalle 13.00 alle 17.00. Per gli appuntamenti \u00e8 possibile contattarci tramite [&hellip;]","og_url":"https:\/\/www.etzelclinic.ch\/it\/contatti\/","og_site_name":"etzelclinic","article_modified_time":"2025-05-14T15:29:36+00:00","twitter_card":"summary_large_image","twitter_misc":{"Est. reading time":"1 minute"},"schema":{"@context":"https:\/\/schema.org","@graph":[{"@type":"WebPage","@id":"https:\/\/www.etzelclinic.ch\/it\/contatti\/","url":"https:\/\/www.etzelclinic.ch\/it\/contatti\/","name":"Contatti - etzelclinic","isPartOf":{"@id":"https:\/\/www.etzelclinic.ch\/#website"},"datePublished":"2017-07-11T16:16:10+00:00","dateModified":"2025-05-14T15:29:36+00:00","breadcrumb":{"@id":"https:\/\/www.etzelclinic.ch\/it\/contatti\/#breadcrumb"},"inLanguage":"it-CH","potentialAction":[{"@type":"ReadAction","target":["https:\/\/www.etzelclinic.ch\/it\/contatti\/"]}]},{"@type":"BreadcrumbList","@id":"https:\/\/www.etzelclinic.ch\/it\/contatti\/#breadcrumb","itemListElement":[{"@type":"ListItem","position":1,"name":"Startseite","item":"https:\/\/www.etzelclinic.ch\/it\/benvenuti-alletzelclinic\/"},{"@type":"ListItem","position":2,"name":"Contatti"}]},{"@type":"WebSite","@id":"https:\/\/www.etzelclinic.ch\/#website","url":"https:\/\/www.etzelclinic.ch\/","name":"etzelclinic","description":"Center for Minimally Invasive Surgery","publisher":{"@id":"https:\/\/www.etzelclinic.ch\/#organization"},"potentialAction":[{"@type":"SearchAction","target":{"@type":"EntryPoint","urlTemplate":"https:\/\/www.etzelclinic.ch\/?s={search_term_string}"},"query-input":{"@type":"PropertyValueSpecification","valueRequired":true,"valueName":"search_term_string"}}],"inLanguage":"it-CH"},{"@type":"Organization","@id":"https:\/\/www.etzelclinic.ch\/#organization","name":"etzelclinic","url":"https:\/\/www.etzelclinic.ch\/","logo":{"@type":"ImageObject","inLanguage":"it-CH","@id":"https:\/\/www.etzelclinic.ch\/#\/schema\/logo\/image\/","url":"https:\/\/www.etzelclinic.ch\/wp-content\/uploads\/2023\/05\/logo.svg","contentUrl":"https:\/\/www.etzelclinic.ch\/wp-content\/uploads\/2023\/05\/logo.svg","width":140,"height":140,"caption":"etzelclinic"},"image":{"@id":"https:\/\/www.etzelclinic.ch\/#\/schema\/logo\/image\/"}}]}},"_links":{"self":[{"href":"https:\/\/www.etzelclinic.ch\/it\/wp-json\/wp\/v2\/pages\/6095","targetHints":{"allow":["GET"]}}],"collection":[{"href":"https:\/\/www.etzelclinic.ch\/it\/wp-json\/wp\/v2\/pages"}],"about":[{"href":"https:\/\/www.etzelclinic.ch\/it\/wp-json\/wp\/v2\/types\/page"}],"author":[{"embeddable":true,"href":"https:\/\/www.etzelclinic.ch\/it\/wp-json\/wp\/v2\/users\/2"}],"replies":[{"embeddable":true,"href":"https:\/\/www.etzelclinic.ch\/it\/wp-json\/wp\/v2\/comments?post=6095"}],"version-history":[{"count":5,"href":"https:\/\/www.etzelclinic.ch\/it\/wp-json\/wp\/v2\/pages\/6095\/revisions"}],"predecessor-version":[{"id":8201,"href":"https:\/\/www.etzelclinic.ch\/it\/wp-json\/wp\/v2\/pages\/6095\/revisions\/8201"}],"wp:attachment":[{"href":"https:\/\/www.etzelclinic.ch\/it\/wp-json\/wp\/v2\/media?parent=6095"}],"curies":[{"name":"wp","href":"https:\/\/api.w.org\/{rel}","templated":true}]}}